{"id":1675,"date":"2022-09-12T11:33:30","date_gmt":"2022-09-12T09:33:30","guid":{"rendered":"https:\/\/saludextremadura.ses.es\/areasaluddonbenito\/?page_id=1675"},"modified":"2022-12-13T18:55:52","modified_gmt":"2022-12-13T17:55:52","slug":"formacion-continuada","status":"publish","type":"page","link":"https:\/\/saludextremadura.ses.es\/areasaluddonbenito\/docencia-formacione-investigacion\/formacion-continuada\/","title":{"rendered":"Formaci\u00f3n Continuada"},"content":{"rendered":"<h2 class=\"titulo-pagina wp-block-post-title\">Formaci\u00f3n Continuada<\/h2>\n\n\n<hr class=\"wp-block-separator has-alpha-channel-opacity linea-titulo\"\/>\n\n\n\n<h2 class=\"has-black-color has-text-color\">Presentaci\u00f3n Unidad Docente Multiprofesional de Atenci\u00f3n Familiar y Comunitaria (UDMAFC)<\/h2>\n\n\n\n<p><\/p>\n\n\n\n<div class=\"is-layout-flex wp-container-3 wp-block-columns are-vertically-aligned-top\">\n<div class=\"is-layout-flow wp-block-column is-vertically-aligned-top\">\n<p>La <strong>Unidad Docente Multiprofesional de Atenci\u00f3n Familiar y Comunitaria<\/strong> es la estructura encargada de planificar, coordinar y ejecutar el programa de formaci\u00f3n de postgrado de las especialidades de Medicina y Enfermer\u00eda Familiar y Comunitaria en Espa\u00f1a.<\/p>\n\n\n\n<p>Est\u00e1 regulada en el art\u00edculo 4 del Real decreto 183\/2008, de 8 de febrero y a nivel auton\u00f3mico por el Decreto 14\/2011, de 4 de febrero.<\/p>\n\n\n\n<p>Org\u00e1nicamente dependemos de la Gerencia de Atenci\u00f3n Primaria de Don Benito-Villanueva de la Serena y por extensi\u00f3n del Servicio Extreme\u00f1o de Salud (SES) y de la Direcci\u00f3n General de Planificaci\u00f3n, Formaci\u00f3n y Calidad Sociosanitaria de la Junta de Extremadura.<\/p>\n\n\n\n<p>Nuestras funciones y cometidos vienen marcados por las directrices de los Programas Oficiales de las Especialidades y las pautas de la Comisiones Nacionales de la Especialidades, dependientes del Ministerio de Sanidad y Pol\u00edtica Social e Igualdad.<\/p>\n\n\n\n<p><strong>El \u00c1rea de Salud de Don Benito-Villanueva de la Serena cuenta en la actualidad con:<\/strong><\/p>\n\n\n\n<ul>\n<li>6 Centros de Salud Acreditados para la docencia MIR de estas especialidades: C.S. Don Benito Este, C.S. Don Benito Oeste, C.S. Santa Amalia, C.S. Villanueva de la Serena Norte, C.S. Villanueva de la Serena Sur y C.S. Zalamea de la Serena y con un amplio grupo de Unidades de apoyo colaboradoras docentes (Unidad de salud mental, COPF, Matronas, Cuidados paliativos, CEDEX, Inspecci\u00f3n m\u00e9dica, Unidad del dolor).<\/li>\n\n\n\n<li>Hospital Don Benito-Villanueva de la Serena y todos sus servicios sanitarios.<\/li>\n\n\n\n<li>Hospital Siberia-La Serena (Talarrubias) con Servicio de Urgencias Hospitalario (SUH).<\/li>\n\n\n\n<li>Unidad de emergencias 112.<\/li>\n<\/ul>\n<\/div>\n\n\n\n<div class=\"is-layout-flow wp-block-column is-vertically-aligned-top\">\n<figure class=\"wp-block-image size-large\"><img decoding=\"async\" loading=\"lazy\" width=\"544\" height=\"558\" src=\"https:\/\/saludextremadura.ses.es\/areasaluddonbenito\/wp-content\/uploads\/2022\/06\/Rectangle-47.svg\" alt=\"\" class=\"wp-image-438\"\/><\/figure>\n\n\n\n<p>Actualmente la <strong>UDMAFC \u2013 Don Benito-Villanueva de la Serena<\/strong> tiene una capacidad docente anual acreditada de 16 plazas de MIR y 5 plazas de EIR.<br>Contamos con la acreditaci\u00f3n de:<\/p>\n\n\n\n<ul>\n<li>27 Tutores MFyC.<\/li>\n\n\n\n<li>19 Tutores EIR.<\/li>\n\n\n\n<li>4 Colaboradores docentes MFyC.<\/li>\n\n\n\n<li>4 Colaboradores docentes EIR.<\/li>\n<\/ul>\n<\/div>\n<\/div>\n\n\n\n<p><br><\/p>\n\n\n<div >\n                    <div class=\" plethoraplugins-accordion plethoraplugins-theme__minimal \"   >\n                        <div>\n                            \n<div id=\"funciones_unidad_docente_multiprofesional_de_atencin_familiar_y_comunitaria_udmafc\" class=\"pds-accordion__item pds-js-accordion-item pds-no-js\" data-initially-open=\"false\" data-click-to-close=\"true\" data-auto-close=\"true\" data-scroll=\"false\" data-scroll-offset=\"0\">\n                    <h3 id=\"at-funciones_unidad_docente_multiprofesional_de_atencin_familiar_y_comunitaria_udmafc\" class=\"pds-accordion__title pds-js-accordion-controller\" role=\"button\">Funciones Unidad Docente Multiprofesional de Atenci\u00f3n Familiar y Comunitaria (UDMAFC)<span class=\"pds-accordion__icon\" role=\"presentation\" aria-hidden=\"true\"><svg xmlns=\"http:\/\/www.w3.org\/2000\/svg\" viewBox=\"0 0 12 7.4099998\" width=\".75rem\" height=\".75rem\"><path d=\"M12 1.41 10.59 0 6 4.58 1.41 0 0 1.41l6 6z\" fill=\"currentColor\"\/><\/svg><\/span><\/h3>\n                    <div id=\"ac-funciones_unidad_docente_multiprofesional_de_atencin_familiar_y_comunitaria_udmafc\" class=\"pds-accordion__content\">\n                        \n\n<p class=\"has-small-font-size\"><br><\/p>\n\n\n\n<ol>\n<li>Organizar la formaci\u00f3n, supervisar su aplicaci\u00f3n pr\u00e1ctica y controlar el cumplimiento de los objetivos que se especifican en los diferentes programas formativos de las especialidades en Ciencias de la Salud.<\/li>\n\n\n\n<li>Facilitar la integraci\u00f3n de las actividades formativas y de los especialistas en formaci\u00f3n con la actividad asistencial y ordinaria del centro y planificar su actividad profesional en el centro conjuntamente con los \u00f3rganos de direcci\u00f3n de \u00e9ste.<\/li>\n\n\n\n<li>Elaborar el protocolo de supervisi\u00f3n de los especialistas en formaci\u00f3n en los t\u00e9rminos establecidos en la legislaci\u00f3n vigente, y en relaci\u00f3n con las \u00e1reas asistenciales significativas, con referencia especial al \u00e1rea de urgencias o cualesquiera otras que se consideren de inter\u00e9s.<\/li>\n\n\n\n<li>Aprobar a propuesta de los correspondientes tutores, una gu\u00eda o itinerario formativo tipo. Dicha gu\u00eda, garantizar\u00e1 el cumplimiento de los objetivos y contenidos del programa oficial de la especialidad y se adaptar\u00e1 a las caracter\u00edsticas espec\u00edficas de cada centro o unidad docente.<\/li>\n\n\n\n<li>Aprobar el plan de gesti\u00f3n de calidad docente del centro o unidad docente, supervisando su cumplimiento, a cuyos efectos les ser\u00e1 facilitada cuanta informaci\u00f3n sea necesaria por los responsables de las unidades asistenciales y por los correspondientes \u00f3rganos de direcci\u00f3n y gesti\u00f3n.<\/li>\n\n\n\n<li>Facilitar la adecuada coordinaci\u00f3n docente entre niveles asistenciales.<\/li>\n\n\n\n<li>Proponer a los \u00f3rganos competentes en la materia la realizaci\u00f3n de auditor\u00edas docentes.<\/li>\n\n\n\n<li>Aprobar y fomentar la participaci\u00f3n de los especialistas en formaci\u00f3n en cursos, congresos, seminarios o reuniones cient\u00edficas, relacionadas con el programa, previo informe de la unidad de apoyo a la formaci\u00f3n \/ investigaci\u00f3n que en cada caso<br>corresponda, o\u00eddo el tutor y el responsable de la unidad asistencial de que se trate.<\/li>\n\n\n\n<li>Facilitar la formaci\u00f3n continuada de los tutores en metodolog\u00edas docentes y otros aspectos relacionados con el programa formativo.<\/li>\n\n\n\n<li>Participar en la acreditaci\u00f3n y reacreditaci\u00f3n de tutores.<\/li>\n\n\n\n<li>Informar con car\u00e1cter anual, a los correspondientes \u00f3rganos de direcci\u00f3n sobre la capacidad docente del centro o unidad docente.<\/li>\n\n\n\n<li>Remitir al Registro Nacional de Especialistas en Formaci\u00f3n, a trav\u00e9s de su presidente, las evaluaciones finales y anuales, as\u00ed como los resultados de sus revisiones y los per\u00edodos de recuperaci\u00f3n que en su caso correspondan, en los t\u00e9rminos previstos en la legislaci\u00f3n vigente. Asimismo, las comisiones de docencia notificar\u00e1n al Registro Nacional de Especialistas en Formaci\u00f3n las excedencias y dem\u00e1s situaciones que repercutan en la duraci\u00f3n del periodo formativo, seg\u00fan las instrucciones que dicte el mencionado registro.<\/li>\n<\/ol>\n\n\n                    <\/div>\n                <\/div>\n\n                        <\/div>\n                    <\/div>\n            <\/div>","protected":false},"excerpt":{"rendered":"<p>Presentaci\u00f3n Unidad Docente Multiprofesional de Atenci\u00f3n Familiar y Comunitaria (UDMAFC) La Unidad Docente Multiprofesional de Atenci\u00f3n Familiar y Comunitaria es la estructura encargada de planificar, coordinar y ejecutar el programa de formaci\u00f3n de postgrado de las especialidades de Medicina y Enfermer\u00eda Familiar y Comunitaria en Espa\u00f1a. Est\u00e1 regulada en el art\u00edculo 4 del Real decreto [&hellip;]<\/p>\n","protected":false},"author":1,"featured_media":0,"parent":321,"menu_order":0,"comment_status":"closed","ping_status":"closed","template":"","meta":{"_eb_attr":"","inline_featured_image":false},"_links":{"self":[{"href":"https:\/\/saludextremadura.ses.es\/areasaluddonbenito\/wp-json\/wp\/v2\/pages\/1675"}],"collection":[{"href":"https:\/\/saludextremadura.ses.es\/areasaluddonbenito\/wp-json\/wp\/v2\/pages"}],"about":[{"href":"https:\/\/saludextremadura.ses.es\/areasaluddonbenito\/wp-json\/wp\/v2\/types\/page"}],"author":[{"embeddable":true,"href":"https:\/\/saludextremadura.ses.es\/areasaluddonbenito\/wp-json\/wp\/v2\/users\/1"}],"replies":[{"embeddable":true,"href":"https:\/\/saludextremadura.ses.es\/areasaluddonbenito\/wp-json\/wp\/v2\/comments?post=1675"}],"version-history":[{"count":9,"href":"https:\/\/saludextremadura.ses.es\/areasaluddonbenito\/wp-json\/wp\/v2\/pages\/1675\/revisions"}],"predecessor-version":[{"id":2964,"href":"https:\/\/saludextremadura.ses.es\/areasaluddonbenito\/wp-json\/wp\/v2\/pages\/1675\/revisions\/2964"}],"up":[{"embeddable":true,"href":"https:\/\/saludextremadura.ses.es\/areasaluddonbenito\/wp-json\/wp\/v2\/pages\/321"}],"wp:attachment":[{"href":"https:\/\/saludextremadura.ses.es\/areasaluddonbenito\/wp-json\/wp\/v2\/media?parent=1675"}],"curies":[{"name":"wp","href":"https:\/\/api.w.org\/{rel}","templated":true}]}}