{"id":14,"date":"2022-06-09T14:52:14","date_gmt":"2022-06-09T14:52:14","guid":{"rendered":"https:\/\/saludextremadura.ses.es\/areasaluddonbenito\/?page_id=14"},"modified":"2023-03-08T10:21:19","modified_gmt":"2023-03-08T09:21:19","slug":"atencion-al-usuario","status":"publish","type":"page","link":"https:\/\/saludextremadura.ses.es\/areasaluddonbenito\/atencion-al-usuario\/","title":{"rendered":"Atenci\u00f3n al Usuario"},"content":{"rendered":"<h2 class=\"titulo-pagina wp-block-post-title\">Atenci\u00f3n al Usuario<\/h2>\n\n\n<hr class=\"wp-block-separator has-alpha-channel-opacity linea-titulo\" \/>\n\n\n\n<div class=\"is-layout-flex wp-container-3 wp-block-columns\">\n<div class=\"is-layout-flow wp-block-column\">\n<p class=\"textoFormacion\">El Servicio de Atenci\u00f3n al Usuario del \u00c1rea de Salud de Don Benito-Villanueva de la Serena, es una unidad funcional administrativa y de gesti\u00f3n, dependiente de la Gerencia del \u00c1rea, que tienen encomendada la labor de recepci\u00f3n, tramitaci\u00f3n y gesti\u00f3n de las quejas, sugerencias y reclamaciones adem\u00e1s de orientar y gestionar otras cuestiones asistenciales relacionadas con la proteccion de los derechos de los Usuarios.<\/p>\n\n\n\n<p class=\"textoFormacion\">Est\u00e1 formado por un equipo de profesionales que prestan atenci\u00f3n directa al usuario (pacientes y sus familias), ofrece orientaci\u00f3n e informaci\u00f3n sobre la organizaci\u00f3n de nuestro sistema sanitario y recursos asistenciales del mismo dentro y fuera del \u00e1rea de salud, tramita y gestiona las reclamaciones y sugerencias de los usuarios.<\/p>\n<\/div>\n\n\n\n<div class=\"is-layout-flow wp-block-column\"><div class=\"informacion-de-atencion-al-usuario-item \">\n    <div class=\"fila\">\n        <img decoding=\"async\" src=\"https:\/\/saludextremadura.ses.es\/areasaluddonbenito\/wp-content\/themes\/temaAreaSalud\/img\/Vector (6).svg\" alt=\"\">\n        <div>\n            <p>924 38 68 12<\/p>\n            <p>extensiones: 86641 \/ 86642 \/ 86643<\/p>\n        <\/div>\n    <\/div>\n    <div class=\"fila\">\n        <img decoding=\"async\" src=\"https:\/\/saludextremadura.ses.es\/areasaluddonbenito\/wp-content\/themes\/temaAreaSalud\/img\/Vector (8).svg\" alt=\"\">\n        <p>sau.hdbv@salud-juntaex.es<\/p>\n    <\/div>\n    <div class=\"fila\">\n        <img decoding=\"async\" src=\"https:\/\/saludextremadura.ses.es\/areasaluddonbenito\/wp-content\/themes\/temaAreaSalud\/img\/Vector (9).svg\" alt=\"\">\n        <div>\n            <p style=\"font-weight: bold;\">HORARIO DE ATENCI\u00d3N AL PUBLICO<\/p>\n            <p>De lunes a viernes de 9:00 h a 14 h<\/p>\n        <\/div>\n    <\/div>\n    <div class=\"fila\">\n        <img decoding=\"async\" src=\"https:\/\/saludextremadura.ses.es\/areasaluddonbenito\/wp-content\/themes\/temaAreaSalud\/img\/Vector (10).svg\" alt=\"\">\n        <div>\n            <p style=\"font-weight: bold;\">PERSONAL QUE COMPONEN EL SERVICIO:<\/p>\n            <p>Una Enfermera ( Responsable del Servicio) Dos Auxiliares administrativos Dos Trabajador\/as Sociales<\/p>\n        <\/div>\n    <\/div>\n<\/div><\/div>\n<\/div>\n\n\n\n<h2 class=\"has-black-color has-text-color\">Presentaciones:<\/h2>\n\n\n\n<h4 class=\"has-text-color\" style=\"color:#00569b\">Modelos de Solicitudes<\/h4>\n\n\n\n<div class=\"is-layout-flex wp-container-7 wp-block-columns\">\n<div class=\"is-layout-flow wp-block-column\"><div style=\"display:flex\" class=\"enlacearchivos\">\n    <img decoding=\"async\" src=\"https:\/\/saludextremadura.ses.es\/areasaluddonbenito\/wp-content\/themes\/temaAreaSalud\/img\/Vector (14).svg\" alt=\"\">\n    <a class=\"\" title=\"\" href=\"https:\/\/saludextremadura.ses.es\/areasaluddonbenito\/download\/1625\/?tmstv=1775713823\" rel=\"nofollow\">\n        Solicitud de documentaci\u00f3n cl\u00ednica    <\/a>\n    <div class=\"filetype-icon filetype-pdf \"><\/div>\n<\/div>\n\n<div style=\"display:flex\" class=\"enlacearchivos\">\n    <img decoding=\"async\" src=\"https:\/\/saludextremadura.ses.es\/areasaluddonbenito\/wp-content\/themes\/temaAreaSalud\/img\/Vector (14).svg\" alt=\"\">\n    <a class=\"\" title=\"\" href=\"https:\/\/saludextremadura.ses.es\/areasaluddonbenito\/download\/1628\/?tmstv=1775713823\" rel=\"nofollow\">\n        Solicitud segunda opini\u00f3n    <\/a>\n    <div class=\"filetype-icon filetype-odt \"><\/div>\n<\/div><\/div>\n\n\n\n<div class=\"is-layout-flow wp-block-column\"><div style=\"display:flex\" class=\"enlacearchivos\">\n    <img decoding=\"async\" src=\"https:\/\/saludextremadura.ses.es\/areasaluddonbenito\/wp-content\/themes\/temaAreaSalud\/img\/Vector (14).svg\" alt=\"\">\n    <a class=\"\" title=\"\" href=\"https:\/\/saludextremadura.ses.es\/areasaluddonbenito\/download\/1619\/?tmstv=1775713823\" rel=\"nofollow\">\n        Hoja de sugerencias    <\/a>\n    <div class=\"filetype-icon filetype-pdf \"><\/div>\n<\/div>\n\n<div style=\"display:flex\" class=\"enlacearchivos\">\n    <img decoding=\"async\" src=\"https:\/\/saludextremadura.ses.es\/areasaluddonbenito\/wp-content\/themes\/temaAreaSalud\/img\/Vector (14).svg\" alt=\"\">\n    <a class=\"\" title=\"\" href=\"https:\/\/saludextremadura.ses.es\/areasaluddonbenito\/download\/1622\/?tmstv=1775713823\" rel=\"nofollow\">\n        Hoja reclamaciones    <\/a>\n    <div class=\"filetype-icon filetype-pdf \"><\/div>\n<\/div><\/div>\n\n\n\n<div class=\"is-layout-flow wp-block-column\"><div style=\"display:flex\" class=\"enlacearchivos\">\n    <img decoding=\"async\" src=\"https:\/\/saludextremadura.ses.es\/areasaluddonbenito\/wp-content\/themes\/temaAreaSalud\/img\/Vector (14).svg\" alt=\"\">\n    <a class=\"\" title=\"\" href=\"https:\/\/saludextremadura.ses.es\/areasaluddonbenito\/download\/1631\/?tmstv=1775713823\" rel=\"nofollow\">\n        #1631 &#8211; Solicitud \u00faltimas voluntades    <\/a>\n    <div class=\"filetype-icon filetype-pdf \"><\/div>\n<\/div>\n\n<div style=\"display:flex\" class=\"enlacearchivos\">\n    <img decoding=\"async\" src=\"https:\/\/saludextremadura.ses.es\/areasaluddonbenito\/wp-content\/themes\/temaAreaSalud\/img\/Vector (14).svg\" alt=\"\">\n    <a class=\"\" title=\"\" href=\"https:\/\/saludextremadura.ses.es\/areasaluddonbenito\/download\/3213\/?tmstv=1775713823\" rel=\"nofollow\">\n        #3213 &#8211; Solicitud cambio de especialista    <\/a>\n    <div class=\"filetype-icon filetype-pdf \"><\/div>\n<\/div><\/div>\n<\/div>\n\n\n<div >\n                    <div class=\" plethoraplugins-accordion plethoraplugins-theme__minimal \"   >\n                        <div>\n                            \n<div id=\"legislacin\" class=\"pds-accordion__item pds-js-accordion-item pds-no-js\" data-initially-open=\"false\" data-click-to-close=\"true\" data-auto-close=\"true\" data-scroll=\"false\" data-scroll-offset=\"0\">\n                    <h3 id=\"at-legislacin\" class=\"pds-accordion__title pds-js-accordion-controller\" role=\"button\">Legislaci\u00f3n<span class=\"pds-accordion__icon\" role=\"presentation\" aria-hidden=\"true\"><svg xmlns=\"http:\/\/www.w3.org\/2000\/svg\" viewBox=\"0 0 12 7.4099998\" width=\".75rem\" height=\".75rem\"><path d=\"M12 1.41 10.59 0 6 4.58 1.41 0 0 1.41l6 6z\" fill=\"currentColor\"\/><\/svg><\/span><\/h3>\n                    <div id=\"ac-legislacin\" class=\"pds-accordion__content\">\n                        \n\n<div class=\"is-layout-constrained wp-block-group\"><div class=\"wp-block-group__inner-container\">\n<p>Derechos y Deberes<\/p>\n\n\n\n<p>La Ley 10\/2001, de 28 de junio, de Salud de Extremadura contempla en su articulado los derechos y deberes de los ciudadanos respecto al sistema sanitario de la Comunidad Aut\u00f3noma de Extremadura. El Servicio Extreme\u00f1o de Salud y sus establecimientos, centros y servicios tienen el mandato y el compromiso de velar por el cumplimiento de los derechos y deberes de los usuarios, en los t\u00e9rminos propios marcados expresamente por la Ley.<\/p>\n\n\n<div class=\"enlace-externo-item \">\n    <img decoding=\"async\" src=\"https:\/\/saludextremadura.ses.es\/areasaluddonbenito\/wp-content\/themes\/temaAreaSalud\/img\/Vector (14).svg\" alt=\"\">\n    <a href=\"\" target=\"_blank\">Derechos y Deberes de los Ciudadanos<\/a>\n<\/div>\n\n\n<p>Cap\u00edtulo III de la Ley 10\/2001, de 28 de junio, de Salud de Extremadura<\/p>\n\n\n<div class=\"enlace-externo-item \">\n    <img decoding=\"async\" src=\"https:\/\/saludextremadura.ses.es\/areasaluddonbenito\/wp-content\/themes\/temaAreaSalud\/img\/Vector (14).svg\" alt=\"\">\n    <a href=\"\" target=\"_blank\">Gu\u00eda de Asociaciones de Pacientes y Familiares en Extremadura. 2010-201<\/a>\n<\/div>\n\n\n<p><br><\/p>\n\n\n\n<h4 class=\"has-text-color\" style=\"color:#00569b\">Reclamaciones y Sugerencias Atenci\u00f3n de Usuarios<\/h4>\n\n\n\n<p>Orden de 26 de noviembre de 2003 por la que se regula la tramitaci\u00f3n de las reclamaciones y sugerencias, relativas a la actividad sanitaria, dirigida por los usuarios del Sistema Sanitario P\u00fablico de Extremadura al Servicio Extreme\u00f1o da Salud.<br>Instrucci\u00f3n 1\/2004 de la Direcci\u00f3n Gerencia del S.E.S. sobre procedimiento para la tramitaci\u00f3n de las reclamaciones y sugerencias dirigidas al Servicio Extreme\u00f1o de Salud.<br>Instrucciones Internas de la Gerencia del \u00c1rea de Salud de Don Benito-Villanueva de la Serena sobre el procedimiento para la gesti\u00f3n y tramitaci\u00f3n de las reclamaciones y sugerencias dirigidas al servicio extreme\u00f1o de salud.<\/p>\n\n\n\n<p>Los usuarios, pacientes o familiares, podr\u00e1n formular reclamaciones o sugerencias de acuerdo a lo dispuesto en la Orden de 26\/11\/2003 por la que se regula la tramitaci\u00f3n de las reclamaciones y sugerencias, relativas a la actividad sanitaria, dirigida por los usuarios del Sistema Sanitario P\u00fablico de Extremadura al Servicio Extreme\u00f1o de Salud, como consecuencia de la percepci\u00f3n objetiva o subjetiva de una posible anomal\u00eda, disfunci\u00f3n o desajuste en el funcionamiento de los centros, establecimientos y servicios sanitarios pertenecientes o concertados con el Sistema Sanitario P\u00fablico de Extremadura.<\/p>\n\n\n\n<p>Las reclamaciones y sugerencias pueden y deben servir no solo para dar cumplimiento efectivo a un derecho del usuario, sino tambi\u00e9n y fundamentalmente para lograr mejoras y cambios en los procedimientos, actuaciones y en la propia organizaci\u00f3n. Son una oportunidad de mejora para el sistema sanitario y los recursos que \u00e9ste emplea.<br>La opini\u00f3n y la satisfacci\u00f3n de los ciudadanos usuarios del Servicio Extreme\u00f1o de Salud por el trato y los servicios recibidos son fundamentales para el propio Sistema. Con las reclamaciones y sugerencias, el ciudadano colabora activamente con los Servicios Sanitarios, ya que nos permite identificar problemas y efectuar propuestas de mejora para tales servicios.<\/p>\n\n\n\n<p><br><\/p>\n\n\n\n<h4 class=\"has-text-color\" style=\"color:#00569b\">Presentaci\u00f3n de las Reclamaciones<\/h4>\n\n\n\n<p>En los Servicios de Atenci\u00f3n al Usuario del Servicio Extreme\u00f1o de Salud, donde se pondr\u00e1 a su disposici\u00f3n el modelo oficial establecido por el SES, facilitando la trascripci\u00f3n de aquellas reclamaciones presentadas verbalmente, cuando se trate de personas con dificultad para la escritura o expresi\u00f3n, una vez terminada la trascripci\u00f3n se proceder\u00e1 a leer al usuario el escrito para que lo firme o imprima su huella dactilar. Se le entregar\u00e1 copia de la reclamaci\u00f3n, que podr\u00e1 presentar en:<br>Cualquier Centro de Atenci\u00f3n Primaria (Centros de Salud, Consultorios Locales, Equipos de Salud Mental, COPF, CEDEX, etc\u2026).<br>Centros de atenci\u00f3n Administrativa de la Junta de Extremadura.<br>Unidades de Registros de la misma Administraci\u00f3n.<br>En cualquier lugar previsto en la Ley de Procedimiento Administrativo Com\u00fan.<\/p>\n\n\n\n<p>V\u00edas para la realizaci\u00f3n de la reclamaci\u00f3n:<\/p>\n\n\n\n<ul>\n<li>Personalmente, en los lugares anteriormente indicados.<\/li>\n\n\n\n<li>Por correo, remitiendo su reclamaci\u00f3n escrita a trav\u00e9s a las siguientes direcciones:<\/li>\n\n\n\n<li>Por mail<\/li>\n\n\n\n<li>A trav\u00e9s del Centro de Salud online<\/li>\n<\/ul>\n\n\n\n<p><strong>Importante<\/strong>: En todos los casos deber\u00e1n aportar los siguientes datos:<\/p>\n\n\n\n<ul>\n<li>Nombre y apellidos de la persona que efect\u00faa la reclamaci\u00f3n.<\/li>\n\n\n\n<li>N\u00famero de DNI<\/li>\n\n\n\n<li>Domicilio: Calle, n\u00famero, piso. C\u00f3digo Postal. Localidad. Provincia. Tel\u00e9fono<\/li>\n\n\n\n<li>Nombre y apellidos del paciente.<\/li>\n\n\n\n<li>Fecha de la reclamaci\u00f3n.<\/li>\n\n\n\n<li>Motivo de la reclamaci\u00f3n, indicando el servicio donde ocurrieron los hechos.<\/li>\n\n\n\n<li>Firma.<\/li>\n<\/ul>\n\n\n\n<p>No es imprescindible realizar su reclamaci\u00f3n en el modelo normalizado. Si no tuviera acceso a ellos podr\u00e1 realizarla en cualquier tipo de papel ya que recibido su escrito se le asignar\u00e1 un n\u00famero de registro que le ser\u00e1 comunicado.<br>Independientemente del lugar donde se produzca el hecho reclamado, podr\u00e1 enviar o presentar la reclamaci\u00f3n en cualquier otros Centro desde donde ser\u00e1 remitida al Centro correspondiente.<\/p>\n\n\n\n<p><br><\/p>\n\n\n\n<h4 class=\"has-text-color\" style=\"color:#00569b\">Presentaci\u00f3n de las Sugerencias<\/h4>\n\n\n\n<p>Aunque existen modelos normalizadas que se facilitaran a los usuarios que lo soliciten, tambi\u00e9n pueden presentarse en cualquier otro formato En ambos casos no es necesario consignar los datos de identificaci\u00f3n personal.<br>Las Sugerencias presentadas con datos de identificaci\u00f3n ser\u00e1n contestadas al interesado.<br>Existen buzones de Sugerencias en los centros, donde se podr\u00e1n depositar las mismas.<br>Al igual que las reclamaciones podr\u00e1 enviar las sugerencias por correo.<\/p>\n\n\n\n<p><br><\/p>\n\n\n\n<h4>Trabajo Social<\/h4>\n\n\n\n<p>El&nbsp;Trabajo Social&nbsp;Sanitario es una actividad profesional que implica, de un lado, el diagn\u00f3stico social de la persona enferma y el tratamiento individual, familiar y grupal de la problem\u00e1tica social que aparecen en relaci\u00f3n con las situaciones de enfermedad, como aportaci\u00f3n al diagn\u00f3stico y tratamiento global; el tratamiento social se aborda en sus dos dimensiones, intervenci\u00f3n psicosocial y acceso a los recursos sociales. Y, por otra parte, tiene por objeto la coordinaci\u00f3n sociosanitaria, la investigaci\u00f3n y prevenci\u00f3n de los factores psico-sociales que inciden en el proceso de salud-enfermedad de los individuos y comunidades en orden a conseguir la promoci\u00f3n de la salud y mejorar la calidad de vida.<\/p>\n\n\n\n<p>El desarrollo del&nbsp;Trabajo Social&nbsp;en salud, al igual que en otros \u00e1mbitos, debe realizarse respetando los principios profesionales b\u00e1sicos de autonom\u00eda, justicia social, aceptaci\u00f3n, confidencialidad, actitud exenta de juicios y utilizando las t\u00e9cnicas propias del mismo.<\/p>\n\n\n\n<p><br><\/p>\n\n\n\n<h4>Unidad de Trabajo Social Hospitalario<\/h4>\n\n\n\n<p>La&nbsp;<strong>Unidad de Trabajo Social Hospitalario<\/strong>&nbsp;es un servicio especializado que atiende a la poblaci\u00f3n adscrita al Centro Hospitalario, que presente riesgo de problem\u00e1tica social o problem\u00e1tica social instaurada, y que tiene en com\u00fan &#8220;la enfermedad y las consecuencias que se derivan de la misma&#8221;, ya sean de atenci\u00f3n personal, emocional, de relaci\u00f3n con el entorno u otras.<\/p>\n\n\n\n<p>Se ofrecen recursos sociosanitarios as\u00ed como informaci\u00f3n y asesoramiento de otros recursos y prestaciones sociales (Plazas Sociosanitarias-Casa verde- Dependencia-CADEX).<\/p>\n\n\n\n<p>El eje de la atenci\u00f3n ser\u00e1 el paciente y su familia, y se realizar\u00e1 mediante la intervenci\u00f3n individualizadalizada y el apoyo a la familia.<\/p>\n\n\n\n<p>La Unidad de Trabajo Social del Hospital Don Benito-Villanueva de la Serena est\u00e1 formada por 2 Trabajadoras Sociales.<\/p>\n\n\n\n<p>Modelos de Solicitud de Prestaciones<\/p>\n\n\n\n<ul>\n<li><a href=\"https:\/\/www.areasaludcaceres.es\/docs\/files\/13352_solicitud-de-material-ortoprotesico-y-reintegro-de-gastos-y.pdf\">Solicitud de reintegro de gastos por prestaci\u00f3n sanitaria o por&nbsp; material ortoprot\u00e9sico<\/a><\/li>\n\n\n\n<li><a href=\"https:\/\/www.areasaludcaceres.es\/docs\/files\/1566img.pdf\" target=\"_blank\" rel=\"noreferrer noopener\">Prescripci\u00f3n de material ortoprot\u00e9sico<\/a><\/li>\n<\/ul>\n\n\n\n<p>Documentos sobre Prestaciones<\/p>\n\n\n\n<ul>\n<li><a href=\"https:\/\/www.areasaludcaceres.es\/docs\/files\/13863_nuevo-catalogo-de-material-ortoprotesico-2019.pdf\" target=\"_blank\" rel=\"noreferrer noopener\">Cat\u00e1logo general de material ortoprot\u00e9sico 2019<\/a><\/li>\n<\/ul>\n\n\n\n<p><strong>Normativa sobre Prestaciones<\/strong>&nbsp;<\/p>\n\n\n\n<ul>\n<li><a href=\"http:\/\/doe.juntaex.es\/pdfs\/doe\/2006\/70O\/06040006.pdf\" target=\"_blank\" rel=\"noreferrer noopener\">Decreto 6\/2006<\/a>, de 10 de enero, por el que se regula el procedimiento y los requisitos del reintegro de gastos de productos farmac\u00e9uticos, ortopr\u00f3tesis y asistencia sanitaria, as\u00ed como de las ayudas por desplazamiento y estancia.<\/li>\n\n\n\n<li><a href=\"http:\/\/doe.juntaex.es\/pdfs\/doe\/2006\/440O\/06040074.pdf\" target=\"_blank\" rel=\"noreferrer noopener\">Decreto 68\/2006<\/a>, de 4 de abril, por el que se regula el derecho a la obtenci\u00f3n gratuita de productos farmac\u00e9uticos de uso pedi\u00e1trico para las familias numerosas, personas discapacitadas extreme\u00f1as y enfermos pedi\u00e1tricos cr\u00f3nicos.<\/li>\n\n\n\n<li><a href=\"http:\/\/www.boe.es\/boe\/dias\/2010\/06\/07\/pdfs\/BOE-A-2010-9027.pdf\" target=\"_blank\" rel=\"noreferrer noopener\">Orden SAS\/1466\/2010<\/a>, de 28 de mayo, que actualiza el Anexo VI del Real Decreto 1030\/2006, de 15 de septiembre, por el que se establece la cartera de servicios comunes del Sistema Nacional de Salud y el procedimiento para su actualizaci\u00f3n.<\/li>\n\n\n\n<li><a href=\"https:\/\/www.google.com\/url?sa=t&amp;rct=j&amp;q=&amp;esrc=s&amp;source=web&amp;cd=1&amp;ved=2ahUKEwiAp-aMi9PdAhWszIUKHfvTArIQFjAAegQIBxAC&amp;url=http%3A%2F%2Fdoe.gobex.es%2Fpdfs%2Fdoe%2F2017%2F2370o%2F17062682.pdf&amp;usg=AOvVaw34g6LB0bLtn7w8YcaUopR_\" target=\"_blank\" rel=\"noreferrer noopener\">Resoluci\u00f3n de 20 de noviembre de 2017<\/a>, de la Direcci\u00f3n Gerencia, por la que se fija el importe de las ayudas por desplazamiento y estancia derivadas de la asistencia sanitaria.<\/li>\n<\/ul>\n\n\n\n<p>Desde la Unidad de Trabajo Social, se tramita la solicitud para <strong>alojamiento de familiares<\/strong> en los siguientes casos:<\/p>\n\n\n\n<p>Familiares de pacientes ingresado en UCI<\/p>\n\n\n\n<p>Familiares de neonatos<\/p>\n<\/div><\/div>\n\n\n\n<p><\/p>\n\n\n                    <\/div>\n                <\/div>\n\n                        <\/div>\n                    <\/div>\n            <\/div>","protected":false},"excerpt":{"rendered":"<p>El Servicio de Atenci\u00f3n al Usuario del \u00c1rea de Salud de Don Benito-Villanueva de la Serena, es una unidad funcional administrativa y de gesti\u00f3n, dependiente de la Gerencia del \u00c1rea, que tienen encomendada la labor de recepci\u00f3n, tramitaci\u00f3n y gesti\u00f3n de las quejas, sugerencias y reclamaciones adem\u00e1s de orientar y gestionar otras cuestiones asistenciales relacionadas [&hellip;]<\/p>\n","protected":false},"author":1,"featured_media":0,"parent":0,"menu_order":0,"comment_status":"closed","ping_status":"closed","template":"","meta":{"_eb_attr":"","inline_featured_image":false},"_links":{"self":[{"href":"https:\/\/saludextremadura.ses.es\/areasaluddonbenito\/wp-json\/wp\/v2\/pages\/14"}],"collection":[{"href":"https:\/\/saludextremadura.ses.es\/areasaluddonbenito\/wp-json\/wp\/v2\/pages"}],"about":[{"href":"https:\/\/saludextremadura.ses.es\/areasaluddonbenito\/wp-json\/wp\/v2\/types\/page"}],"author":[{"embeddable":true,"href":"https:\/\/saludextremadura.ses.es\/areasaluddonbenito\/wp-json\/wp\/v2\/users\/1"}],"replies":[{"embeddable":true,"href":"https:\/\/saludextremadura.ses.es\/areasaluddonbenito\/wp-json\/wp\/v2\/comments?post=14"}],"version-history":[{"count":62,"href":"https:\/\/saludextremadura.ses.es\/areasaluddonbenito\/wp-json\/wp\/v2\/pages\/14\/revisions"}],"predecessor-version":[{"id":3217,"href":"https:\/\/saludextremadura.ses.es\/areasaluddonbenito\/wp-json\/wp\/v2\/pages\/14\/revisions\/3217"}],"wp:attachment":[{"href":"https:\/\/saludextremadura.ses.es\/areasaluddonbenito\/wp-json\/wp\/v2\/media?parent=14"}],"curies":[{"name":"wp","href":"https:\/\/api.w.org\/{rel}","templated":true}]}}