{"id":11,"date":"2022-06-09T14:52:02","date_gmt":"2022-06-09T14:52:02","guid":{"rendered":"https:\/\/saludextremadura.ses.es\/areasaluddonbenito\/?page_id=11"},"modified":"2022-12-12T15:11:34","modified_gmt":"2022-12-12T14:11:34","slug":"el-area-de-salud","status":"publish","type":"page","link":"https:\/\/saludextremadura.ses.es\/areasaluddonbenito\/el-area-de-salud\/","title":{"rendered":"El \u00c1rea de Salud"},"content":{"rendered":"<h1 class=\"titulo-pagina wp-block-post-title\">El \u00c1rea de Salud<\/h1>\n\n\n<hr class=\"wp-block-separator has-alpha-channel-opacity linea-titulo\"\/>\n\n\n\n<div class=\"is-layout-flex wp-container-3 wp-block-columns\">\n<div class=\"is-layout-flow wp-block-column\">\n<p>Hoy es un d\u00eda especial para nuestra \u00e1rea de salud, estrenamos nuestra web. Web sanitaria que pretende ser una <strong>puerta abierta al mundo de la informaci\u00f3n y del conocimiento<\/strong> en donde se pueda visibilizar nuestra realidad asistencial, nuestros recursos humanos y materiales y su visi\u00f3n a la excelencia en sus actuaciones.<\/p>\n<\/div>\n\n\n\n<div class=\"is-layout-flow wp-block-column\">\n<blockquote class=\"wp-block-quote is-style-plain\">\n<h1 class=\"has-text-align-center has-text-color has-background has-medium-font-size\" style=\"color:#1975ff;background-color:#e5e5e5\"><strong><a href=\"https:\/\/saludextremadura.ses.es\/areasaluddonbenito\/el-area-de-salud\/organigrama\/\" data-type=\"URL\" data-id=\"https:\/\/saludextremadura.ses.es\/areasaluddonbenito\/el-area-de-salud\/organigrama\/\">Organigrama del \u00c1rea de Salud<\/a><\/strong><\/h1>\n<\/blockquote>\n<\/div>\n<\/div>\n\n\n\n<p>Nuestra \u00e1rea de salud con unos 7.000 km2, cerca de 140.000 habitantes y 1.800 trabajadores se encuentra situada en el sureste de Extremadura y limita asistencialmente con las \u00e1reas de salud de C\u00e1ceres, M\u00e9rida y Llerena-Zafra y provincialmente con C\u00e1ceres, C\u00f3rdoba, Ciudad Real y Toledo. Demogr\u00e1ficamente es un \u00e1rea salud <strong>con una gran dispersi\u00f3n<\/strong>, contando con un n\u00facleo poblacional de m\u00e1s de 63.000 habitantes, las ciudades de Don Benito y Villanueva de la Serena, en proceso de fusi\u00f3n y que constituir\u00edan <strong>la tercera ciudad m\u00e1s poblada de Extremadura<\/strong>. El \u00e1mbito rural es predominante en nuestra \u00c1rea con comarcas que rondan los 6 habitantes por km2 siendo comarcas plenas de una belleza paisaj\u00edstica virginal a\u00fan. Todo ello conforma una complejidad de gesti\u00f3n intermedia dentro del Servicio Extreme\u00f1o de Salud (SES).<\/p>\n\n\n\n<p>La organizaci\u00f3n sanitaria est\u00e1 compuesta por <strong>14 zonas de salud con 14 centros de salud, 59 consultorios y 17 puntos de atenci\u00f3n continuada<\/strong>; con un modelo que prima la accesibilidad y derecho a la sanidad independientemente del lugar en donde se resida. Accesibilidad que se refuerza para las enfermedades m\u00e1s complejas y cr\u00edticas con <strong>3 unidades medicalizadas terrestres (UME), un helic\u00f3ptero asistencial, dos hospitales<\/strong> que conforman el Complejo Hospitalario Don Benito-Villanueva de la Serena y dos centros de especialidades. La organizaci\u00f3n est\u00e1 reforzada por <strong>6 equipos de conductas adictivas, 6 centros de orientaci\u00f3n y atenci\u00f3n a la mujer y 4 equipos de salud mental m\u00e1s una unidad de salud mental infanto-juvenil.<\/strong><\/p>\n\n\n<div class=\"imagen-con-degradado-item \" style='background: linear-gradient(94deg, #30CF3080 -6.54%, #2FCD3D80 -0.68%, #2ECB4A80 5.18%, #2DC95780 11.03%, #2CC76480 16.89%, #2BC57180 22.74%, #2AC37E80 28.6%, \n#29C18B80 34.45%, #29BF9880 40.31%, #28BCA480 46.17%, #27BAB180 52.02%, #26B8BE80 57.88%, #25B6CB80 63.73%, #24B4D880 69.59%, #23B2E580 75.45%, #22B0F280 81.3%, #21AEFF80 87.16%), \nurl(\"https:\/\/saludextremadura.ses.es\/areasaluddonbenito\/wp-content\/uploads\/2022\/06\/Rectangle-38.svg\"), no-repeat ; background-size: cover;'>\n<\/div>\n\n\n<p><strong>Cada centro de salud, centro administrativo, de las 14 zonas de salud dispone de todos los recursos necesarios para la atenci\u00f3n primaria de adultos e infantil, con unidades de apoyo en odontolog\u00eda, fisioterapia, matrona, trabajador social, unidad administrativa<\/strong> y los m\u00e1s alejados de los centros hospitalarios <strong>servicio de radiolog\u00eda convencional<\/strong>. Si bien se dispone de una cartera de servicios homogeneizada con todo el Sistema Nacional de Salud, la pandemia Covid19 y los nuevos modelos y demandas asistenciales est\u00e1n propiciando cambios orientados a mejorar la eficiencia y excelencia asistencial con Procesos Asistenciales Integrados en donde la coordinaci\u00f3n de los <strong>diferentes niveles asistenciales es crucial.<\/strong><\/p>\n\n\n\n<p>La salud p\u00fablica est\u00e1 presente en todas las zonas de salud. Lideradas por veterinarios y farmac\u00e9uticos en coordinaci\u00f3n con la Direcci\u00f3n de Salud P\u00fablica de \u00c1rea han constituido un pilar b\u00e1sico para combatir la Pandemia Covid19 y desarrollan, entre otras, actividades de promoci\u00f3n y educaci\u00f3n para la salud, salud alimentaria y medioambiental, salud animal y estudios de brotes epidemiol\u00f3gicos.<\/p>\n\n\n\n<div class=\"is-layout-flex wp-container-6 wp-block-columns\">\n<div class=\"is-layout-flow wp-block-column\">\n<p>El complejo hospitalario constituido por dos centros, uno ubicado en <strong>Don Benito<\/strong> y el otro el <strong>Talarrubias<\/strong>, es de 2\u00ba Nivel de complejidad con 320 camas y docente. El m\u00e1s grande, con casi 50 a\u00f1os de vida y de referencia para toda el \u00c1rea, dispone de los servicios necesarios para dar cobertura m\u00e9dica y quir\u00fargica de m\u00e1s del 90% de los problemas de salud de sus usuarios teniendo como hospitales de referencia al Universitarios de Badajoz para Radioterapia, Neurocirug\u00eda, Cirug\u00eda cardiovascular, Cirug\u00eda maxilofacial, Trasplantes; al General de M\u00e9rida para la Hemodin\u00e1mica; y C\u00e1ceres para Cirug\u00eda Pl\u00e1stica, Oncohematolog\u00eda y quemados.<\/p>\n\n\n\n<p><strong>El Hospital Siberia Serena ubicado en Talarrubias<\/strong>, a 60 km2 del de Don Benito, es el referente para unos 30.000 habitantes de las 5 zonas de salud m\u00e1s perif\u00e9ricas, se inaugur\u00f3 en el a\u00f1o 2007 como centro de Alta Resoluci\u00f3n y al margen de la Hospitalizaci\u00f3n de adultos en su planta de medicina interna, dispone de tres quir\u00f3fanos donde se practica del 23% de toda la Cirug\u00eda Mayor del \u00c1rea, servicio de urgencias, de radiodiagn\u00f3stico, laboratorio y consultas externas.<\/p>\n<\/div>\n\n\n\n<div class=\"is-layout-flow wp-block-column is-vertically-aligned-center\"><div class=\"imagen-con-degradado-item \" style='background: linear-gradient(94deg, #30CF3080 -6.54%, #2FCD3D80 -0.68%, #2ECB4A80 5.18%, #2DC95780 11.03%, #2CC76480 16.89%, #2BC57180 22.74%, #2AC37E80 28.6%, \n#29C18B80 34.45%, #29BF9880 40.31%, #28BCA480 46.17%, #27BAB180 52.02%, #26B8BE80 57.88%, #25B6CB80 63.73%, #24B4D880 69.59%, #23B2E580 75.45%, #22B0F280 81.3%, #21AEFF80 87.16%), \nurl(\"https:\/\/saludextremadura.ses.es\/areasaluddonbenito\/wp-content\/uploads\/2022\/06\/image-11.svg\"), no-repeat ; background-size: cover;'>\n<\/div><\/div>\n<\/div>\n\n\n\n<p>En construcci\u00f3n, en el t\u00e9rmino municipal de Don Benito y con un coste que superar\u00e1 los 120 millones de euros, se encuentra el Nuevo Hospital de referencia para toda el \u00c1rea y que veremos su apertura en los pr\u00f3ximos a\u00f1os. Un hospital que surge de la necesidad de mejora, comprometido con el medio ambiente, innovador tecnol\u00f3gicamente y muy demandado por profesionales y usuarios.<\/p>\n\n\n\n<p>La docencia y formaci\u00f3n de nuevos profesionales en los \u00faltimos 5 a\u00f1os ha sufrido un desarrollo espectacular, pasando a tener en las especialidades m\u00e9dico quir\u00fargicas y enfermeras 71 plazas para residentes y cientos de estudiantes que finalizan su formaci\u00f3n realizando las pr\u00e1cticas en nuestros centros. La formaci\u00f3n continuada, como actualizadora del conocimiento entre nuestros profesionales, es una apuesta que decidida dentro de la escuela de ciencias de la salud extreme\u00f1a.<br>Incluida dentro del INUBE, Instituto Universitario de Investigaci\u00f3n Biosanitaria, se encuentra nuestra Unidad de Investigaci\u00f3n de \u00c1rea y que goza del prestigio y reconocimiento de numerosos estudios y publicaciones de alto impacto, as\u00ed como la direcci\u00f3n y supervisi\u00f3n de numerosas publicaciones, tesis y doctorados que hacen de esta unidad uno de los m\u00e1ximos exponente I+D+I y de valor a\u00f1adido al conocimiento dentro del SES.<\/p>\n\n\n\n<p>En resumen, desde esta aldea global que nos proporciona esta web, abrimos nuestra \u00e1rea dentro del Servicio Extreme\u00f1o de Salud a la generaci\u00f3n de informaci\u00f3n y conocimiento de la cual desde las direcciones y gerencia nos sentimos especialmente orgullosos, ya que dar visibilidad a nuestro qu\u00e9 hacer diario entendemos que es la mejor forma de invertir en el desarrollo del conocimiento.<\/p>\n\n\n\n<p>Bienvenidos a nuestra \u00c1rea de Salud\u2026<\/p>\n","protected":false},"excerpt":{"rendered":"<p>Hoy es un d\u00eda especial para nuestra \u00e1rea de salud, estrenamos nuestra web. Web sanitaria que pretende ser una puerta abierta al mundo de la informaci\u00f3n y del conocimiento en donde se pueda visibilizar nuestra realidad asistencial, nuestros recursos humanos y materiales y su visi\u00f3n a la excelencia en sus actuaciones. Organigrama del \u00c1rea de [&hellip;]<\/p>\n","protected":false},"author":1,"featured_media":0,"parent":0,"menu_order":0,"comment_status":"closed","ping_status":"closed","template":"","meta":{"_eb_attr":"","inline_featured_image":false},"_links":{"self":[{"href":"https:\/\/saludextremadura.ses.es\/areasaluddonbenito\/wp-json\/wp\/v2\/pages\/11"}],"collection":[{"href":"https:\/\/saludextremadura.ses.es\/areasaluddonbenito\/wp-json\/wp\/v2\/pages"}],"about":[{"href":"https:\/\/saludextremadura.ses.es\/areasaluddonbenito\/wp-json\/wp\/v2\/types\/page"}],"author":[{"embeddable":true,"href":"https:\/\/saludextremadura.ses.es\/areasaluddonbenito\/wp-json\/wp\/v2\/users\/1"}],"replies":[{"embeddable":true,"href":"https:\/\/saludextremadura.ses.es\/areasaluddonbenito\/wp-json\/wp\/v2\/comments?post=11"}],"version-history":[{"count":58,"href":"https:\/\/saludextremadura.ses.es\/areasaluddonbenito\/wp-json\/wp\/v2\/pages\/11\/revisions"}],"predecessor-version":[{"id":2919,"href":"https:\/\/saludextremadura.ses.es\/areasaluddonbenito\/wp-json\/wp\/v2\/pages\/11\/revisions\/2919"}],"wp:attachment":[{"href":"https:\/\/saludextremadura.ses.es\/areasaluddonbenito\/wp-json\/wp\/v2\/media?parent=11"}],"curies":[{"name":"wp","href":"https:\/\/api.w.org\/{rel}","templated":true}]}}