{"id":4637,"date":"2024-09-20T12:31:46","date_gmt":"2024-09-20T10:31:46","guid":{"rendered":"https:\/\/saludextremadura.ses.es\/areasaludcoria\/?page_id=4637"},"modified":"2025-04-16T12:38:44","modified_gmt":"2025-04-16T10:38:44","slug":"ordenacion-farmaceutica","status":"publish","type":"page","link":"https:\/\/saludextremadura.ses.es\/areasaludcoria\/ordenacion-farmaceutica\/","title":{"rendered":"Ordenaci\u00f3n Farmac\u00e9utica"},"content":{"rendered":"\t\t<div data-elementor-type=\"wp-page\" data-elementor-id=\"4637\" class=\"elementor elementor-4637\">\n\t\t\t\t\t\t<section class=\"elementor-section elementor-top-section elementor-element elementor-element-c611d37 elementor-section-height-min-height elementor-section-stretched elementor-section-boxed elementor-section-height-default elementor-section-items-middle wpr-particle-no wpr-jarallax-no wpr-parallax-no wpr-sticky-section-no\" data-id=\"c611d37\" data-element_type=\"section\" data-settings=\"{&quot;background_background&quot;:&quot;classic&quot;,&quot;shape_divider_bottom&quot;:&quot;opacity-tilt&quot;,&quot;stretch_section&quot;:&quot;section-stretched&quot;}\">\n\t\t\t\t\t\t\t<div class=\"elementor-background-overlay\"><\/div>\n\t\t\t\t\t\t<div class=\"elementor-shape elementor-shape-bottom\" data-negative=\"false\">\n\t\t\t<svg xmlns=\"http:\/\/www.w3.org\/2000\/svg\" viewBox=\"0 0 2600 131.1\" preserveAspectRatio=\"none\">\n\t<path class=\"elementor-shape-fill\" d=\"M0 0L2600 0 2600 69.1 0 0z\"\/>\n\t<path class=\"elementor-shape-fill\" style=\"opacity:0.5\" d=\"M0 0L2600 0 2600 69.1 0 69.1z\"\/>\n\t<path class=\"elementor-shape-fill\" style=\"opacity:0.25\" d=\"M2600 0L0 0 0 130.1 2600 69.1z\"\/>\n<\/svg>\t\t<\/div>\n\t\t\t\t\t<div class=\"elementor-container elementor-column-gap-default\">\n\t\t\t\t\t<div class=\"elementor-column elementor-col-50 elementor-top-column elementor-element elementor-element-a5c94ef elementor-invisible\" data-id=\"a5c94ef\" data-element_type=\"column\" data-settings=\"{&quot;animation&quot;:&quot;fadeIn&quot;}\">\n\t\t\t<div class=\"elementor-widget-wrap elementor-element-populated\">\n\t\t\t\t\t\t<div class=\"elementor-element elementor-element-95bea9e elementor-widget elementor-widget-heading\" data-id=\"95bea9e\" data-element_type=\"widget\" data-widget_type=\"heading.default\">\n\t\t\t\t<div class=\"elementor-widget-container\">\n\t\t\t<h2 class=\"elementor-heading-title elementor-size-default\">Salud p\u00fablica<\/h2>\t\t<\/div>\n\t\t\t\t<\/div>\n\t\t\t\t<div class=\"elementor-element elementor-element-e3297ba elementor-widget elementor-widget-heading\" data-id=\"e3297ba\" data-element_type=\"widget\" data-widget_type=\"heading.default\">\n\t\t\t\t<div class=\"elementor-widget-container\">\n\t\t\t<h2 class=\"elementor-heading-title elementor-size-default\">ORDENACI\u00d3N FARMAC\u00c9UTICA <\/h2>\t\t<\/div>\n\t\t\t\t<\/div>\n\t\t\t\t\t<\/div>\n\t\t<\/div>\n\t\t\t\t<div class=\"elementor-column elementor-col-50 elementor-top-column elementor-element elementor-element-fe6dc91 elementor-hidden-tablet elementor-hidden-mobile\" data-id=\"fe6dc91\" data-element_type=\"column\">\n\t\t\t<div class=\"elementor-widget-wrap\">\n\t\t\t\t\t\t\t<\/div>\n\t\t<\/div>\n\t\t\t\t\t<\/div>\n\t\t<\/section>\n\t\t<div class=\"elementor-element elementor-element-c612d11 e-flex e-con-boxed wpr-particle-no wpr-jarallax-no wpr-parallax-no wpr-sticky-section-no e-con e-parent\" data-id=\"c612d11\" data-element_type=\"container\">\n\t\t\t\t\t<div class=\"e-con-inner\">\n\t\t<div class=\"elementor-element elementor-element-77d39fc e-con-full e-flex wpr-particle-no wpr-jarallax-no wpr-parallax-no wpr-sticky-section-no e-con e-child\" data-id=\"77d39fc\" data-element_type=\"container\">\n\t\t<div class=\"elementor-element elementor-element-1a33895 e-con-full e-flex wpr-particle-no wpr-jarallax-no wpr-parallax-no wpr-sticky-section-no e-con e-child\" data-id=\"1a33895\" data-element_type=\"container\">\n\t\t<div class=\"elementor-element elementor-element-b4f37fb e-con-full e-flex wpr-particle-no wpr-jarallax-no wpr-parallax-no wpr-sticky-section-no e-con e-child\" data-id=\"b4f37fb\" data-element_type=\"container\">\n\t\t\t\t<div class=\"elementor-element elementor-element-c34224d elementor-widget elementor-widget-text-editor\" data-id=\"c34224d\" data-element_type=\"widget\" data-widget_type=\"text-editor.default\">\n\t\t\t\t<div class=\"elementor-widget-container\">\n\t\t\t\t\t\t\t<p><strong>Los servicios de ordenaci\u00f3n farmac\u00e9utica permiten garantizar a la poblaci\u00f3n el acceso a los medicamentos con facilidad, igualdad, equidad y seguridad.<\/strong><strong>\u00a0<\/strong><\/p><p><strong>Oficinas de Farmacia y Botiquines<\/strong><\/p><p>La oficina de Farmacia es un establecimiento sanitario privado de inter\u00e9s p\u00fablico en el que se llevan a cabo funciones como la elaboraci\u00f3n, adquisici\u00f3n, custodia, conservaci\u00f3n y dispensaci\u00f3n de medicamentos y productos sanitarios.<\/p><p>En aquellas localidades, en las que por el n\u00famero de habitantes de la misma, no sea posible la instalaci\u00f3n de una oficina de farmacia, se establecer\u00e1n botiquines, vinculados a la oficina de farmacia correspondiente.<\/p><p><strong>Formulaci\u00f3n Magistral<\/strong><\/p><p>La formulaci\u00f3n magistral tiene por objeto la elaboraci\u00f3n, por parte del farmac\u00e9utico o bajo su supervisi\u00f3n, de medicamentos destinados a un paciente individualizado, para cumplimentar expresamente una prescripci\u00f3n facultativa detallada de las sustancias medicinales que incluye.<\/p><p><strong>Servicios de Farmacia\/Dep\u00f3sitos de Medicamentos<\/strong><\/p><p>La Atenci\u00f3n Farmac\u00e9utica en los Centros y complejos hospitalarios se presta a trav\u00e9s de los servicios de farmacia hospitalaria o dep\u00f3sitos de medicamentos, dependiendo del n\u00famero de camas con el que cuente el centro.<\/p><p><strong>Fiscalizaci\u00f3n y control de estupefacientes<\/strong><\/p><p>Las sustancias estupefacientes requieren, para su dispensaci\u00f3n, de una Receta Oficial de Estupefacientes.<\/p><p><strong>Sistema de Alertas de Medicamentos y Productos Sanitarios<\/strong><\/p><p>La Administraci\u00f3n tiene establecido un sistema de Alerta mediante el cual se retiran inmediatamente del mercado todos aquellos medicamentos y productos sanitarios que se detecte que puedan suponer un riesgo para la salud.<\/p><p><strong>Autorizaci\u00f3n de Establecimientos Comerciales detallistas de Medicamentos Veterinarios<\/strong><strong>\u00a0<\/strong><\/p><p>La distribuci\u00f3n y dispensaci\u00f3n de medicamentos de uso veterinario en establecimientos comerciales detallistas y en los servicios farmac\u00e9uticos de entidades ganaderas, requiere de una Autorizaci\u00f3n para su instalaci\u00f3n y funcionamiento. Hasta hace un tiempo, esta autorizaci\u00f3n la otorgaba la Consejer\u00eda de Agricultura, pero desde el a\u00f1o 2012 ha pasado a ejercerla la Autoridad Sanitaria.<\/p>\t\t\t\t\t\t<\/div>\n\t\t\t\t<\/div>\n\t\t\t\t<\/div>\n\t\t\t\t<\/div>\n\t\t\t\t<\/div>\n\t\t\t\t\t<\/div>\n\t\t\t\t<\/div>\n\t\t\t\t<\/div>\n\t\t","protected":false},"excerpt":{"rendered":"<p>Salud p\u00fablica ORDENACI\u00d3N FARMAC\u00c9UTICA Los servicios de ordenaci\u00f3n farmac\u00e9utica permiten garantizar a la poblaci\u00f3n el acceso a los medicamentos con facilidad, igualdad, equidad y seguridad.\u00a0 Oficinas de Farmacia y Botiquines La oficina de Farmacia es un establecimiento sanitario privado de inter\u00e9s p\u00fablico en el que se llevan a cabo funciones como la elaboraci\u00f3n, adquisici\u00f3n, custodia, conservaci\u00f3n y dispensaci\u00f3n de medicamentos y productos sanitarios. En aquellas localidades, en las que por el n\u00famero de habitantes de la misma, no sea posible la instalaci\u00f3n de una oficina de farmacia, se establecer\u00e1n botiquines, vinculados a la oficina de farmacia correspondiente. Formulaci\u00f3n Magistral La formulaci\u00f3n magistral tiene por objeto la elaboraci\u00f3n, por parte del farmac\u00e9utico o bajo su supervisi\u00f3n, de medicamentos destinados a un paciente individualizado, para cumplimentar expresamente una prescripci\u00f3n facultativa detallada de las sustancias medicinales que incluye. Servicios de Farmacia\/Dep\u00f3sitos de Medicamentos La Atenci\u00f3n Farmac\u00e9utica en los Centros y complejos hospitalarios se presta a trav\u00e9s de los servicios de farmacia hospitalaria o dep\u00f3sitos de medicamentos, dependiendo del n\u00famero de camas con el que cuente el centro. Fiscalizaci\u00f3n y control de estupefacientes Las sustancias estupefacientes requieren, para su dispensaci\u00f3n, de una Receta Oficial de Estupefacientes. Sistema de Alertas de Medicamentos y Productos Sanitarios La Administraci\u00f3n tiene establecido un sistema de Alerta mediante el cual se retiran inmediatamente del mercado todos aquellos medicamentos y productos sanitarios que se detecte que puedan suponer un riesgo para la salud. Autorizaci\u00f3n de Establecimientos Comerciales detallistas de Medicamentos Veterinarios\u00a0 La distribuci\u00f3n y dispensaci\u00f3n de medicamentos de uso veterinario en establecimientos comerciales detallistas y en los servicios farmac\u00e9uticos de entidades ganaderas, requiere de una Autorizaci\u00f3n para su instalaci\u00f3n y funcionamiento. Hasta hace un tiempo, esta autorizaci\u00f3n la otorgaba la Consejer\u00eda de Agricultura, pero desde el a\u00f1o 2012 ha pasado a ejercerla la Autoridad Sanitaria.<\/p>\n","protected":false},"author":1,"featured_media":0,"parent":0,"menu_order":0,"comment_status":"closed","ping_status":"closed","template":"","meta":{"footnotes":""},"class_list":["post-4637","page","type-page","status-publish","hentry"],"_links":{"self":[{"href":"https:\/\/saludextremadura.ses.es\/areasaludcoria\/wp-json\/wp\/v2\/pages\/4637"}],"collection":[{"href":"https:\/\/saludextremadura.ses.es\/areasaludcoria\/wp-json\/wp\/v2\/pages"}],"about":[{"href":"https:\/\/saludextremadura.ses.es\/areasaludcoria\/wp-json\/wp\/v2\/types\/page"}],"author":[{"embeddable":true,"href":"https:\/\/saludextremadura.ses.es\/areasaludcoria\/wp-json\/wp\/v2\/users\/1"}],"replies":[{"embeddable":true,"href":"https:\/\/saludextremadura.ses.es\/areasaludcoria\/wp-json\/wp\/v2\/comments?post=4637"}],"version-history":[{"count":33,"href":"https:\/\/saludextremadura.ses.es\/areasaludcoria\/wp-json\/wp\/v2\/pages\/4637\/revisions"}],"predecessor-version":[{"id":5681,"href":"https:\/\/saludextremadura.ses.es\/areasaludcoria\/wp-json\/wp\/v2\/pages\/4637\/revisions\/5681"}],"wp:attachment":[{"href":"https:\/\/saludextremadura.ses.es\/areasaludcoria\/wp-json\/wp\/v2\/media?parent=4637"}],"curies":[{"name":"wp","href":"https:\/\/api.w.org\/{rel}","templated":true}]}}