{"id":4626,"date":"2024-09-20T12:30:30","date_gmt":"2024-09-20T10:30:30","guid":{"rendered":"https:\/\/saludextremadura.ses.es\/areasaludcoria\/?page_id=4626"},"modified":"2024-10-16T16:22:37","modified_gmt":"2024-10-16T14:22:37","slug":"sanidad-y-salud","status":"publish","type":"page","link":"https:\/\/saludextremadura.ses.es\/areasaludcoria\/sanidad-y-salud\/","title":{"rendered":"Sanidad y Salud"},"content":{"rendered":"\t\t<div data-elementor-type=\"wp-page\" data-elementor-id=\"4626\" class=\"elementor elementor-4626\">\n\t\t\t\t\t\t<section class=\"elementor-section elementor-top-section elementor-element elementor-element-0678968 elementor-section-height-min-height elementor-section-stretched elementor-section-boxed elementor-section-height-default elementor-section-items-middle wpr-particle-no wpr-jarallax-no wpr-parallax-no wpr-sticky-section-no\" data-id=\"0678968\" data-element_type=\"section\" data-settings=\"{&quot;background_background&quot;:&quot;classic&quot;,&quot;shape_divider_bottom&quot;:&quot;opacity-tilt&quot;,&quot;stretch_section&quot;:&quot;section-stretched&quot;}\">\n\t\t\t\t\t\t\t<div class=\"elementor-background-overlay\"><\/div>\n\t\t\t\t\t\t<div class=\"elementor-shape elementor-shape-bottom\" data-negative=\"false\">\n\t\t\t<svg xmlns=\"http:\/\/www.w3.org\/2000\/svg\" viewBox=\"0 0 2600 131.1\" preserveAspectRatio=\"none\">\n\t<path class=\"elementor-shape-fill\" d=\"M0 0L2600 0 2600 69.1 0 0z\"\/>\n\t<path class=\"elementor-shape-fill\" style=\"opacity:0.5\" d=\"M0 0L2600 0 2600 69.1 0 69.1z\"\/>\n\t<path class=\"elementor-shape-fill\" style=\"opacity:0.25\" d=\"M2600 0L0 0 0 130.1 2600 69.1z\"\/>\n<\/svg>\t\t<\/div>\n\t\t\t\t\t<div class=\"elementor-container elementor-column-gap-default\">\n\t\t\t\t\t<div class=\"elementor-column elementor-col-50 elementor-top-column elementor-element elementor-element-27fdf3d elementor-invisible\" data-id=\"27fdf3d\" data-element_type=\"column\" data-settings=\"{&quot;animation&quot;:&quot;fadeIn&quot;}\">\n\t\t\t<div class=\"elementor-widget-wrap elementor-element-populated\">\n\t\t\t\t\t\t<div class=\"elementor-element elementor-element-6e52489 elementor-widget elementor-widget-heading\" data-id=\"6e52489\" data-element_type=\"widget\" data-widget_type=\"heading.default\">\n\t\t\t\t<div class=\"elementor-widget-container\">\n\t\t\t<h2 class=\"elementor-heading-title elementor-size-default\">Salud p\u00fablica<\/h2>\t\t<\/div>\n\t\t\t\t<\/div>\n\t\t\t\t<div class=\"elementor-element elementor-element-4a589e0 elementor-widget elementor-widget-heading\" data-id=\"4a589e0\" data-element_type=\"widget\" data-widget_type=\"heading.default\">\n\t\t\t\t<div class=\"elementor-widget-container\">\n\t\t\t<h2 class=\"elementor-heading-title elementor-size-default\">SANIDAD Y SALUD <\/h2>\t\t<\/div>\n\t\t\t\t<\/div>\n\t\t\t\t\t<\/div>\n\t\t<\/div>\n\t\t\t\t<div class=\"elementor-column elementor-col-50 elementor-top-column elementor-element elementor-element-3392882 elementor-hidden-tablet elementor-hidden-mobile\" data-id=\"3392882\" data-element_type=\"column\">\n\t\t\t<div class=\"elementor-widget-wrap\">\n\t\t\t\t\t\t\t<\/div>\n\t\t<\/div>\n\t\t\t\t\t<\/div>\n\t\t<\/section>\n\t\t<div class=\"elementor-element elementor-element-61bab7d2 e-flex e-con-boxed wpr-particle-no wpr-jarallax-no wpr-parallax-no wpr-sticky-section-no e-con e-parent\" data-id=\"61bab7d2\" data-element_type=\"container\">\n\t\t\t\t\t<div class=\"e-con-inner\">\n\t\t<div class=\"elementor-element elementor-element-3381a591 e-con-full e-flex wpr-particle-no wpr-jarallax-no wpr-parallax-no wpr-sticky-section-no e-con e-child\" data-id=\"3381a591\" data-element_type=\"container\">\n\t\t<div class=\"elementor-element elementor-element-77a9b67e e-con-full e-flex wpr-particle-no wpr-jarallax-no wpr-parallax-no wpr-sticky-section-no e-con e-child\" data-id=\"77a9b67e\" data-element_type=\"container\">\n\t\t\t\t<div class=\"elementor-element elementor-element-2b36acc1 elementor-widget elementor-widget-text-editor\" data-id=\"2b36acc1\" data-element_type=\"widget\" data-widget_type=\"text-editor.default\">\n\t\t\t\t<div class=\"elementor-widget-container\">\n\t\t\t\t\t\t\t<p>El control de las condiciones y requisitos para la puesta en marcha de establecimientos, servicios sanitarios y de otra \u00edndole constituye una actividad fundamental en Salud P\u00fablica a los efectos de proteger la salud de los ciudadanos<\/p><h5><strong>Inspecci\u00f3n de Centros, Establecimientos y Servicios Sanitarios:<\/strong>\u00a0<\/h5><p>Control de las condiciones y requisitos establecidos para la autorizaci\u00f3n de funcionamiento de dichos centros, seg\u00fan la normativa vigente.<\/p>\t\t\t\t\t\t<\/div>\n\t\t\t\t<\/div>\n\t\t\t\t<div class=\"elementor-element elementor-element-6ad0303d elementor-position-left elementor-vertical-align-middle elementor-widget__width-initial elementor-widget elementor-widget-image-box\" data-id=\"6ad0303d\" data-element_type=\"widget\" data-widget_type=\"image-box.default\">\n\t\t\t\t<div class=\"elementor-widget-container\">\n\t\t\t<div class=\"elementor-image-box-wrapper\"><figure class=\"elementor-image-box-img\"><a href=\"https:\/\/doe.juntaex.es\/pdfs\/doe\/2022\/110o\/22040004.pdf\" target=\"_blank\" tabindex=\"-1\"><img fetchpriority=\"high\" decoding=\"async\" width=\"300\" height=\"179\" src=\"https:\/\/saludextremadura.ses.es\/areasaludcoria\/wp-content\/uploads\/2024\/09\/DOElogo.jpg\" class=\"attachment-full size-full wp-image-4718\" alt=\"\" \/><\/a><\/figure><div class=\"elementor-image-box-content\"><h3 class=\"elementor-image-box-title\"><a href=\"https:\/\/doe.juntaex.es\/pdfs\/doe\/2022\/110o\/22040004.pdf\" target=\"_blank\">Decreto 2\/2022, de 12 de enero<\/a><\/h3><\/div><\/div>\t\t<\/div>\n\t\t\t\t<\/div>\n\t\t\t\t<div class=\"elementor-element elementor-element-7d5dded9 elementor-position-left elementor-vertical-align-middle elementor-widget__width-initial elementor-widget elementor-widget-image-box\" data-id=\"7d5dded9\" data-element_type=\"widget\" data-widget_type=\"image-box.default\">\n\t\t\t\t<div class=\"elementor-widget-container\">\n\t\t\t<div class=\"elementor-image-box-wrapper\"><figure class=\"elementor-image-box-img\"><a href=\"https:\/\/www.juntaex.es\/documents\/77055\/991735\/Modelo+de+solicitud.pdf\/caec4aee-45fe-05d1-c988-9f83db3d3388?t=1701166335625\" target=\"_blank\" tabindex=\"-1\"><img fetchpriority=\"high\" decoding=\"async\" width=\"300\" height=\"179\" src=\"https:\/\/saludextremadura.ses.es\/areasaludcoria\/wp-content\/uploads\/2024\/09\/DOElogo.jpg\" class=\"attachment-full size-full wp-image-4718\" alt=\"\" \/><\/a><\/figure><div class=\"elementor-image-box-content\"><h3 class=\"elementor-image-box-title\"><a href=\"https:\/\/www.juntaex.es\/documents\/77055\/991735\/Modelo+de+solicitud.pdf\/caec4aee-45fe-05d1-c988-9f83db3d3388?t=1701166335625\" target=\"_blank\">Solicitud de Autorizaci\u00f3n Administrativa de Centros, Establecimientos y Servicios Sanitarios<\/a><\/h3><\/div><\/div>\t\t<\/div>\n\t\t\t\t<\/div>\n\t\t\t\t<\/div>\n\t\t<div class=\"elementor-element elementor-element-472db1ed e-con-full e-flex wpr-particle-no wpr-jarallax-no wpr-parallax-no wpr-sticky-section-no e-con e-child\" data-id=\"472db1ed\" data-element_type=\"container\">\n\t\t\t\t<div class=\"elementor-element elementor-element-7964888c elementor-widget elementor-widget-text-editor\" data-id=\"7964888c\" data-element_type=\"widget\" data-widget_type=\"text-editor.default\">\n\t\t\t\t<div class=\"elementor-widget-container\">\n\t\t\t\t\t\t\t<h5><strong>Productos Sanitarios no reglamentados por el Decreto 2\/2022. Pr\u00f3tesis dentales.<\/strong><\/h5>\t\t\t\t\t\t<\/div>\n\t\t\t\t<\/div>\n\t\t\t\t<\/div>\n\t\t<div class=\"elementor-element elementor-element-37b4d2e e-con-full e-flex wpr-particle-no wpr-jarallax-no wpr-parallax-no wpr-sticky-section-no e-con e-child\" data-id=\"37b4d2e\" data-element_type=\"container\">\n\t\t\t\t<div class=\"elementor-element elementor-element-98230ba elementor-widget elementor-widget-text-editor\" data-id=\"98230ba\" data-element_type=\"widget\" data-widget_type=\"text-editor.default\">\n\t\t\t\t<div class=\"elementor-widget-container\">\n\t\t\t\t\t\t\t<h5><strong>Inspecci\u00f3n de Establecimientos Mortuorios. Polic\u00eda Sanitaria Mortuoria<\/strong><\/h5>\t\t\t\t\t\t<\/div>\n\t\t\t\t<\/div>\n\t\t\t\t<div class=\"elementor-element elementor-element-2270baba elementor-position-left elementor-vertical-align-middle elementor-widget__width-initial elementor-widget elementor-widget-image-box\" data-id=\"2270baba\" data-element_type=\"widget\" data-widget_type=\"image-box.default\">\n\t\t\t\t<div class=\"elementor-widget-container\">\n\t\t\t<div class=\"elementor-image-box-wrapper\"><figure class=\"elementor-image-box-img\"><a href=\"https:\/\/doe.juntaex.es\/pdfs\/doe\/2002\/1370o\/02040177.pdf\" target=\"_blank\" tabindex=\"-1\"><img fetchpriority=\"high\" decoding=\"async\" width=\"300\" height=\"179\" src=\"https:\/\/saludextremadura.ses.es\/areasaludcoria\/wp-content\/uploads\/2024\/09\/DOElogo.jpg\" class=\"attachment-full size-full wp-image-4718\" alt=\"\" \/><\/a><\/figure><div class=\"elementor-image-box-content\"><h3 class=\"elementor-image-box-title\"><a href=\"https:\/\/doe.juntaex.es\/pdfs\/doe\/2002\/1370o\/02040177.pdf\" target=\"_blank\">Decreto 161\/2002, de 19 de noviembre, por el que se aprueba el Reglamento de Polic\u00eda Sanitaria Mortuoria<\/a><\/h3><\/div><\/div>\t\t<\/div>\n\t\t\t\t<\/div>\n\t\t\t\t<div class=\"elementor-element elementor-element-42956b2f elementor-position-left elementor-vertical-align-middle elementor-widget__width-initial elementor-widget elementor-widget-image-box\" data-id=\"42956b2f\" data-element_type=\"widget\" data-widget_type=\"image-box.default\">\n\t\t\t\t<div class=\"elementor-widget-container\">\n\t\t\t<div class=\"elementor-image-box-wrapper\"><figure class=\"elementor-image-box-img\"><a href=\"https:\/\/doe.juntaex.es\/pdfs\/doe\/2006\/400o\/06050139.pdf\" target=\"_blank\" tabindex=\"-1\"><img fetchpriority=\"high\" decoding=\"async\" width=\"300\" height=\"179\" src=\"https:\/\/saludextremadura.ses.es\/areasaludcoria\/wp-content\/uploads\/2024\/09\/DOElogo.jpg\" class=\"attachment-full size-full wp-image-4718\" alt=\"\" \/><\/a><\/figure><div class=\"elementor-image-box-content\"><h3 class=\"elementor-image-box-title\"><a href=\"https:\/\/doe.juntaex.es\/pdfs\/doe\/2006\/400o\/06050139.pdf\" target=\"_blank\">ORDEN de 23 de marzo de 2006 por la que se regulan distintos procedimientos de autorizaci\u00f3n en Polic\u00eda Sanitaria Mortuoria<\/a><\/h3><\/div><\/div>\t\t<\/div>\n\t\t\t\t<\/div>\n\t\t\t\t<\/div>\n\t\t\t\t<\/div>\n\t\t<div class=\"elementor-element elementor-element-295fef6c e-con-full e-flex wpr-particle-no wpr-jarallax-no wpr-parallax-no wpr-sticky-section-no e-con e-child\" data-id=\"295fef6c\" data-element_type=\"container\">\n\t\t<div class=\"elementor-element elementor-element-7c06f005 e-con-full e-flex wpr-particle-no wpr-jarallax-no wpr-parallax-no wpr-sticky-section-no e-con e-child\" data-id=\"7c06f005\" data-element_type=\"container\">\n\t\t\t\t<div class=\"elementor-element elementor-element-370978a4 elementor-widget elementor-widget-text-editor\" data-id=\"370978a4\" data-element_type=\"widget\" data-widget_type=\"text-editor.default\">\n\t\t\t\t<div class=\"elementor-widget-container\">\n\t\t\t\t\t\t\t<h5>Regulaci\u00f3n de las caracter\u00edsticas y requisitos m\u00ednimos de las instalaciones y de las actividades educativas y de ocio y tiempo libre, dirigidas a ni\u00f1os y j\u00f3venes,\u00a0<\/h5><p>a realizar dentro de la Comunidad Aut\u00f3noma de Extremadura, siempre que sus actividades no tengan incidencia o trascendencia tur\u00edstica.<\/p>\t\t\t\t\t\t<\/div>\n\t\t\t\t<\/div>\n\t\t\t\t<div class=\"elementor-element elementor-element-59a04c39 elementor-position-left elementor-vertical-align-middle elementor-widget__width-initial elementor-widget elementor-widget-image-box\" data-id=\"59a04c39\" data-element_type=\"widget\" data-widget_type=\"image-box.default\">\n\t\t\t\t<div class=\"elementor-widget-container\">\n\t\t\t<div class=\"elementor-image-box-wrapper\"><figure class=\"elementor-image-box-img\"><a href=\"https:\/\/doe.juntaex.es\/pdfs\/doe\/1998\/470o\/98040058.pdf\" target=\"_blank\" tabindex=\"-1\"><img fetchpriority=\"high\" decoding=\"async\" width=\"300\" height=\"179\" src=\"https:\/\/saludextremadura.ses.es\/areasaludcoria\/wp-content\/uploads\/2024\/09\/DOElogo.jpg\" class=\"attachment-full size-full wp-image-4718\" alt=\"\" \/><\/a><\/figure><div class=\"elementor-image-box-content\"><h3 class=\"elementor-image-box-title\"><a href=\"https:\/\/doe.juntaex.es\/pdfs\/doe\/1998\/470o\/98040058.pdf\" target=\"_blank\">DECRETO 52\/1998, de 21 de abril<\/a><\/h3><\/div><\/div>\t\t<\/div>\n\t\t\t\t<\/div>\n\t\t\t\t<\/div>\n\t\t<div class=\"elementor-element elementor-element-6ada99db e-con-full e-flex wpr-particle-no wpr-jarallax-no wpr-parallax-no wpr-sticky-section-no e-con e-child\" data-id=\"6ada99db\" data-element_type=\"container\">\n\t\t\t\t<div class=\"elementor-element elementor-element-c625a3c elementor-widget elementor-widget-text-editor\" data-id=\"c625a3c\" data-element_type=\"widget\" data-widget_type=\"text-editor.default\">\n\t\t\t\t<div class=\"elementor-widget-container\">\n\t\t\t\t\t\t\t<h5><strong>Inspecci\u00f3n y estudio de las adaptaciones de veh\u00edculos para discapacitados<\/strong>:\u00a0<\/h5><p>Mediante coordinaci\u00f3n con la Direcci\u00f3n Provincial de Tr\u00e1fico, se realiza la valoraci\u00f3n de la persona con discapacidad y se emite informe con las recomendaciones de adaptaci\u00f3n del veh\u00edculo para la obtenci\u00f3n del permiso de circulaci\u00f3n.<\/p>\t\t\t\t\t\t<\/div>\n\t\t\t\t<\/div>\n\t\t\t\t<\/div>\n\t\t<div class=\"elementor-element elementor-element-6527a77b e-con-full e-flex wpr-particle-no wpr-jarallax-no wpr-parallax-no wpr-sticky-section-no e-con e-child\" data-id=\"6527a77b\" data-element_type=\"container\">\n\t\t\t\t<div class=\"elementor-element elementor-element-62c2b9a5 elementor-widget elementor-widget-text-editor\" data-id=\"62c2b9a5\" data-element_type=\"widget\" data-widget_type=\"text-editor.default\">\n\t\t\t\t<div class=\"elementor-widget-container\">\n\t\t\t\t\t\t\t<h5><strong>Denuncias en Salud P\u00fablica<\/strong>:\u00a0<\/h5><p>Atenci\u00f3n, tramitaci\u00f3n e inspecci\u00f3n de denuncias relacionadas con situaciones que puedan afectar a la salud p\u00fablica<\/p>\t\t\t\t\t\t<\/div>\n\t\t\t\t<\/div>\n\t\t\t\t<\/div>\n\t\t\t\t<\/div>\n\t\t\t\t\t<\/div>\n\t\t\t\t<\/div>\n\t\t\t\t<\/div>\n\t\t","protected":false},"excerpt":{"rendered":"<p>Salud p\u00fablica SANIDAD Y SALUD El control de las condiciones y requisitos para la puesta en marcha de establecimientos, servicios sanitarios y de otra \u00edndole constituye una actividad fundamental en Salud P\u00fablica a los efectos de proteger la salud de los ciudadanos Inspecci\u00f3n de Centros, Establecimientos y Servicios Sanitarios:\u00a0 Control de las condiciones y requisitos establecidos para la autorizaci\u00f3n de funcionamiento de dichos centros, seg\u00fan la normativa vigente. Decreto 2\/2022, de 12 de enero Solicitud de Autorizaci\u00f3n Administrativa de Centros, Establecimientos y Servicios Sanitarios Productos Sanitarios no reglamentados por el Decreto 2\/2022. Pr\u00f3tesis dentales. Inspecci\u00f3n de Establecimientos Mortuorios. Polic\u00eda Sanitaria Mortuoria Decreto 161\/2002, de 19 de noviembre, por el que se aprueba el Reglamento de Polic\u00eda Sanitaria Mortuoria ORDEN de 23 de marzo de 2006 por la que se regulan distintos procedimientos de autorizaci\u00f3n en Polic\u00eda Sanitaria Mortuoria Regulaci\u00f3n de las caracter\u00edsticas y requisitos m\u00ednimos de las instalaciones y de las actividades educativas y de ocio y tiempo libre, dirigidas a ni\u00f1os y j\u00f3venes,\u00a0 a realizar dentro de la Comunidad Aut\u00f3noma de Extremadura, siempre que sus actividades no tengan incidencia o trascendencia tur\u00edstica. DECRETO 52\/1998, de 21 de abril Inspecci\u00f3n y estudio de las adaptaciones de veh\u00edculos para discapacitados:\u00a0 Mediante coordinaci\u00f3n con la Direcci\u00f3n Provincial de Tr\u00e1fico, se realiza la valoraci\u00f3n de la persona con discapacidad y se emite informe con las recomendaciones de adaptaci\u00f3n del veh\u00edculo para la obtenci\u00f3n del permiso de circulaci\u00f3n. Denuncias en Salud P\u00fablica:\u00a0 Atenci\u00f3n, tramitaci\u00f3n e inspecci\u00f3n de denuncias relacionadas con situaciones que puedan afectar a la salud p\u00fablica<\/p>\n","protected":false},"author":1,"featured_media":0,"parent":0,"menu_order":0,"comment_status":"closed","ping_status":"closed","template":"","meta":{"footnotes":""},"class_list":["post-4626","page","type-page","status-publish","hentry"],"_links":{"self":[{"href":"https:\/\/saludextremadura.ses.es\/areasaludcoria\/wp-json\/wp\/v2\/pages\/4626"}],"collection":[{"href":"https:\/\/saludextremadura.ses.es\/areasaludcoria\/wp-json\/wp\/v2\/pages"}],"about":[{"href":"https:\/\/saludextremadura.ses.es\/areasaludcoria\/wp-json\/wp\/v2\/types\/page"}],"author":[{"embeddable":true,"href":"https:\/\/saludextremadura.ses.es\/areasaludcoria\/wp-json\/wp\/v2\/users\/1"}],"replies":[{"embeddable":true,"href":"https:\/\/saludextremadura.ses.es\/areasaludcoria\/wp-json\/wp\/v2\/comments?post=4626"}],"version-history":[{"count":25,"href":"https:\/\/saludextremadura.ses.es\/areasaludcoria\/wp-json\/wp\/v2\/pages\/4626\/revisions"}],"predecessor-version":[{"id":4813,"href":"https:\/\/saludextremadura.ses.es\/areasaludcoria\/wp-json\/wp\/v2\/pages\/4626\/revisions\/4813"}],"wp:attachment":[{"href":"https:\/\/saludextremadura.ses.es\/areasaludcoria\/wp-json\/wp\/v2\/media?parent=4626"}],"curies":[{"name":"wp","href":"https:\/\/api.w.org\/{rel}","templated":true}]}}