{"id":3821,"date":"2024-08-20T13:48:28","date_gmt":"2024-08-20T11:48:28","guid":{"rendered":"https:\/\/saludextremadura.ses.es\/areasaludcoria?page_id=3821"},"modified":"2024-10-17T12:21:56","modified_gmt":"2024-10-17T10:21:56","slug":"servicios-generales","status":"publish","type":"page","link":"https:\/\/saludextremadura.ses.es\/areasaludcoria\/servicios-generales\/","title":{"rendered":"Servicios Generales"},"content":{"rendered":"\t\t<div data-elementor-type=\"wp-page\" data-elementor-id=\"3821\" class=\"elementor elementor-3821\">\n\t\t\t\t\t\t<section class=\"elementor-section elementor-top-section elementor-element elementor-element-14510a05 elementor-section-height-min-height elementor-section-stretched elementor-section-boxed elementor-section-height-default elementor-section-items-middle wpr-particle-no wpr-jarallax-no wpr-parallax-no wpr-sticky-section-no\" data-id=\"14510a05\" data-element_type=\"section\" data-settings=\"{&quot;background_background&quot;:&quot;classic&quot;,&quot;shape_divider_bottom&quot;:&quot;opacity-tilt&quot;,&quot;stretch_section&quot;:&quot;section-stretched&quot;}\">\n\t\t\t\t\t\t\t<div class=\"elementor-background-overlay\"><\/div>\n\t\t\t\t\t\t<div class=\"elementor-shape elementor-shape-bottom\" data-negative=\"false\">\n\t\t\t<svg xmlns=\"http:\/\/www.w3.org\/2000\/svg\" viewBox=\"0 0 2600 131.1\" preserveAspectRatio=\"none\">\n\t<path class=\"elementor-shape-fill\" d=\"M0 0L2600 0 2600 69.1 0 0z\"\/>\n\t<path class=\"elementor-shape-fill\" style=\"opacity:0.5\" d=\"M0 0L2600 0 2600 69.1 0 69.1z\"\/>\n\t<path class=\"elementor-shape-fill\" style=\"opacity:0.25\" d=\"M2600 0L0 0 0 130.1 2600 69.1z\"\/>\n<\/svg>\t\t<\/div>\n\t\t\t\t\t<div class=\"elementor-container elementor-column-gap-default\">\n\t\t\t\t\t<div class=\"elementor-column elementor-col-50 elementor-top-column elementor-element elementor-element-45fffd4 elementor-invisible\" data-id=\"45fffd4\" data-element_type=\"column\" data-settings=\"{&quot;animation&quot;:&quot;fadeIn&quot;}\">\n\t\t\t<div class=\"elementor-widget-wrap elementor-element-populated\">\n\t\t\t\t\t\t\t<\/div>\n\t\t<\/div>\n\t\t\t\t<div class=\"elementor-column elementor-col-50 elementor-top-column elementor-element elementor-element-f29c87a elementor-hidden-tablet elementor-hidden-mobile\" data-id=\"f29c87a\" data-element_type=\"column\">\n\t\t\t<div class=\"elementor-widget-wrap\">\n\t\t\t\t\t\t\t<\/div>\n\t\t<\/div>\n\t\t\t\t\t<\/div>\n\t\t<\/section>\n\t\t<div class=\"elementor-element elementor-element-2469cca9 e-flex e-con-boxed wpr-particle-no wpr-jarallax-no wpr-parallax-no wpr-sticky-section-no e-con e-parent\" data-id=\"2469cca9\" data-element_type=\"container\" data-settings=\"{&quot;background_background&quot;:&quot;classic&quot;}\">\n\t\t\t\t\t<div class=\"e-con-inner\">\n\t\t<div class=\"elementor-element elementor-element-63086e25 e-con-full e-flex wpr-particle-no wpr-jarallax-no wpr-parallax-no wpr-sticky-section-no e-con e-child\" data-id=\"63086e25\" data-element_type=\"container\">\n\t\t<div class=\"elementor-element elementor-element-1b720f6 e-con-full e-flex wpr-particle-no wpr-jarallax-no wpr-parallax-no wpr-sticky-section-no e-con e-child\" data-id=\"1b720f6\" data-element_type=\"container\">\n\t\t\t\t<div class=\"elementor-element elementor-element-76eab65e elementor-widget elementor-widget-heading\" data-id=\"76eab65e\" data-element_type=\"widget\" data-widget_type=\"heading.default\">\n\t\t\t\t<div class=\"elementor-widget-container\">\n\t\t\t<h2 class=\"elementor-heading-title elementor-size-default\">Gesti\u00f3n - Coria<\/h2>\t\t<\/div>\n\t\t\t\t<\/div>\n\t\t\t\t<div class=\"elementor-element elementor-element-1dfdfef5 elementor-widget-mobile__width-initial elementor-widget elementor-widget-heading\" data-id=\"1dfdfef5\" data-element_type=\"widget\" data-widget_type=\"heading.default\">\n\t\t\t\t<div class=\"elementor-widget-container\">\n\t\t\t<h2 class=\"elementor-heading-title elementor-size-default\">SERVICIOS GENERALES<\/h2>\t\t<\/div>\n\t\t\t\t<\/div>\n\t\t\t\t<div class=\"elementor-element elementor-element-3ac7c68b elementor-widget elementor-widget-text-editor\" data-id=\"3ac7c68b\" data-element_type=\"widget\" data-widget_type=\"text-editor.default\">\n\t\t\t\t<div class=\"elementor-widget-container\">\n\t\t\t\t\t\t\t<p><strong>Inform\u00e1tica y Sistemas de Informaci\u00f3n.<\/strong><\/p><p>A trav\u00e9s de la utilizaci\u00f3n de nuevas t\u00e9cnicas de gesti\u00f3n que necesariamente han de basarse en el tratamiento automatizado de la informaci\u00f3n, entre otras actividades comprende la administraci\u00f3n y gesti\u00f3n de los sistemas inform\u00e1ticos y de comunicaciones, el soporte t\u00e9cnico a los usuarios, la gesti\u00f3n de inventario hardware y software, el cumplimiento de las normativas sobre seguridad inform\u00e1tica, la implantaci\u00f3n y extensi\u00f3n de las Tecnolog\u00edas de la Informaci\u00f3n y de las Comunicaciones (TIC), as\u00ed como la implantaci\u00f3n, pruebas y mantenimiento de las aplicaciones inform\u00e1ticas indicadas por el SES en el \u00c1rea de Salud.<\/p>\t\t\t\t\t\t<\/div>\n\t\t\t\t<\/div>\n\t\t\t\t<\/div>\n\t\t<div class=\"elementor-element elementor-element-418f89be elementor-hidden-tablet elementor-hidden-mobile e-con-full e-flex wpr-particle-no wpr-jarallax-no wpr-parallax-no wpr-sticky-section-no e-con e-child\" data-id=\"418f89be\" data-element_type=\"container\">\n\t\t\t\t<div class=\"elementor-element elementor-element-4e7568bd elementor-widget elementor-widget-image\" data-id=\"4e7568bd\" data-element_type=\"widget\" data-widget_type=\"image.default\">\n\t\t\t\t<div class=\"elementor-widget-container\">\n\t\t\t\t\t\t\t\t\t\t\t\t\t<img fetchpriority=\"high\" decoding=\"async\" width=\"660\" height=\"660\" src=\"https:\/\/saludextremadura.ses.es\/areasaludcoria\/wp-content\/uploads\/2024\/08\/recruitment-concept.jpg\" class=\"attachment-large size-large wp-image-3833\" alt=\"\" srcset=\"https:\/\/saludextremadura.ses.es\/areasaludcoria\/wp-content\/uploads\/2024\/08\/recruitment-concept.jpg 660w, https:\/\/saludextremadura.ses.es\/areasaludcoria\/wp-content\/uploads\/2024\/08\/recruitment-concept-300x300.jpg 300w, https:\/\/saludextremadura.ses.es\/areasaludcoria\/wp-content\/uploads\/2024\/08\/recruitment-concept-150x150.jpg 150w\" sizes=\"(max-width: 660px) 100vw, 660px\" \/>\t\t\t\t\t\t\t\t\t\t\t\t\t<\/div>\n\t\t\t\t<\/div>\n\t\t\t\t<\/div>\n\t\t\t\t<\/div>\n\t\t\t\t<div class=\"elementor-element elementor-element-a0cd13a elementor-widget elementor-widget-text-editor\" data-id=\"a0cd13a\" data-element_type=\"widget\" data-widget_type=\"text-editor.default\">\n\t\t\t\t<div class=\"elementor-widget-container\">\n\t\t\t\t\t\t\t<p><strong>Servicios Generales Hosteler\u00eda.<\/strong><\/p><p>El servicio de hosteler\u00eda est\u00e1 compuesto por:<\/p><ul><li>Lavander\u00eda: \u00a0se encarga de gestionar el lavado y distribuci\u00f3n de ropa, lencer\u00eda y uniformidad de uso sanitario tanto de profesionales del \u00c1rea sanitaria como de pacientes ingresados en el hospital.<\/li><li>Cocina: se encarga de la compra de materias primas para la elaboraci\u00f3n de men\u00fas de pacientes y distribuci\u00f3n en las distintas plantas en el hospital.<\/li><\/ul><p>\u00a0<\/p><p><strong>Servicios Generales Mantenimiento.<\/strong><\/p><p>El servicio de mantenimiento de la Gerencia del \u00c1rea de Salud se encarga de todo el tipo de reparaciones y mantenimiento preventivo y correctivo de las instalaciones y centros de la Gerencia del \u00c1rea de Salud. Este servicio est\u00e1 contratado con empresas externas.<\/p><p><strong>Servicios Generales Limpieza, Seguridad, Cafeter\u00eda.<\/strong><\/p><p>Estos servicios est\u00e1n contratados con empresas externas.<\/p>\t\t\t\t\t\t<\/div>\n\t\t\t\t<\/div>\n\t\t\t\t\t<\/div>\n\t\t\t\t<\/div>\n\t\t\t\t<\/div>\n\t\t","protected":false},"excerpt":{"rendered":"<p>Gesti\u00f3n &#8211; Coria SERVICIOS GENERALES Inform\u00e1tica y Sistemas de Informaci\u00f3n. A trav\u00e9s de la utilizaci\u00f3n de nuevas t\u00e9cnicas de gesti\u00f3n que necesariamente han de basarse en el tratamiento automatizado de la informaci\u00f3n, entre otras actividades comprende la administraci\u00f3n y gesti\u00f3n de los sistemas inform\u00e1ticos y de comunicaciones, el soporte t\u00e9cnico a los usuarios, la gesti\u00f3n de inventario hardware y software, el cumplimiento de las normativas sobre seguridad inform\u00e1tica, la implantaci\u00f3n y extensi\u00f3n de las Tecnolog\u00edas de la Informaci\u00f3n y de las Comunicaciones (TIC), as\u00ed como la implantaci\u00f3n, pruebas y mantenimiento de las aplicaciones inform\u00e1ticas indicadas por el SES en el \u00c1rea de Salud. Servicios Generales Hosteler\u00eda. El servicio de hosteler\u00eda est\u00e1 compuesto por: Lavander\u00eda: \u00a0se encarga de gestionar el lavado y distribuci\u00f3n de ropa, lencer\u00eda y uniformidad de uso sanitario tanto de profesionales del \u00c1rea sanitaria como de pacientes ingresados en el hospital. Cocina: se encarga de la compra de materias primas para la elaboraci\u00f3n de men\u00fas de pacientes y distribuci\u00f3n en las distintas plantas en el hospital. \u00a0 Servicios Generales Mantenimiento. El servicio de mantenimiento de la Gerencia del \u00c1rea de Salud se encarga de todo el tipo de reparaciones y mantenimiento preventivo y correctivo de las instalaciones y centros de la Gerencia del \u00c1rea de Salud. Este servicio est\u00e1 contratado con empresas externas. Servicios Generales Limpieza, Seguridad, Cafeter\u00eda. Estos servicios est\u00e1n contratados con empresas externas.<\/p>\n","protected":false},"author":1,"featured_media":0,"parent":0,"menu_order":0,"comment_status":"closed","ping_status":"closed","template":"","meta":{"footnotes":""},"class_list":["post-3821","page","type-page","status-publish","hentry"],"_links":{"self":[{"href":"https:\/\/saludextremadura.ses.es\/areasaludcoria\/wp-json\/wp\/v2\/pages\/3821"}],"collection":[{"href":"https:\/\/saludextremadura.ses.es\/areasaludcoria\/wp-json\/wp\/v2\/pages"}],"about":[{"href":"https:\/\/saludextremadura.ses.es\/areasaludcoria\/wp-json\/wp\/v2\/types\/page"}],"author":[{"embeddable":true,"href":"https:\/\/saludextremadura.ses.es\/areasaludcoria\/wp-json\/wp\/v2\/users\/1"}],"replies":[{"embeddable":true,"href":"https:\/\/saludextremadura.ses.es\/areasaludcoria\/wp-json\/wp\/v2\/comments?post=3821"}],"version-history":[{"count":49,"href":"https:\/\/saludextremadura.ses.es\/areasaludcoria\/wp-json\/wp\/v2\/pages\/3821\/revisions"}],"predecessor-version":[{"id":5165,"href":"https:\/\/saludextremadura.ses.es\/areasaludcoria\/wp-json\/wp\/v2\/pages\/3821\/revisions\/5165"}],"wp:attachment":[{"href":"https:\/\/saludextremadura.ses.es\/areasaludcoria\/wp-json\/wp\/v2\/media?parent=3821"}],"curies":[{"name":"wp","href":"https:\/\/api.w.org\/{rel}","templated":true}]}}