{"id":3674,"date":"2024-08-20T10:33:50","date_gmt":"2024-08-20T08:33:50","guid":{"rendered":"https:\/\/saludextremadura.ses.es\/areasaludcoria?page_id=3674"},"modified":"2024-08-29T11:59:29","modified_gmt":"2024-08-29T09:59:29","slug":"seguridad-del-paciente","status":"publish","type":"page","link":"https:\/\/saludextremadura.ses.es\/areasaludcoria\/seguridad-del-paciente\/","title":{"rendered":"Seguridad del Paciente"},"content":{"rendered":"\t\t<div data-elementor-type=\"wp-page\" data-elementor-id=\"3674\" class=\"elementor elementor-3674\">\n\t\t\t\t\t\t<section class=\"elementor-section elementor-top-section elementor-element elementor-element-2f61f9b1 elementor-section-height-min-height elementor-section-stretched elementor-section-items-top elementor-section-boxed elementor-section-height-default wpr-particle-no wpr-jarallax-no wpr-parallax-no wpr-sticky-section-no\" data-id=\"2f61f9b1\" data-element_type=\"section\" data-settings=\"{&quot;background_background&quot;:&quot;classic&quot;,&quot;shape_divider_bottom&quot;:&quot;opacity-tilt&quot;,&quot;stretch_section&quot;:&quot;section-stretched&quot;}\">\n\t\t\t\t\t\t\t<div class=\"elementor-background-overlay\"><\/div>\n\t\t\t\t\t\t<div class=\"elementor-shape elementor-shape-bottom\" data-negative=\"false\">\n\t\t\t<svg xmlns=\"http:\/\/www.w3.org\/2000\/svg\" viewBox=\"0 0 2600 131.1\" preserveAspectRatio=\"none\">\n\t<path class=\"elementor-shape-fill\" d=\"M0 0L2600 0 2600 69.1 0 0z\"\/>\n\t<path class=\"elementor-shape-fill\" style=\"opacity:0.5\" d=\"M0 0L2600 0 2600 69.1 0 69.1z\"\/>\n\t<path class=\"elementor-shape-fill\" style=\"opacity:0.25\" d=\"M2600 0L0 0 0 130.1 2600 69.1z\"\/>\n<\/svg>\t\t<\/div>\n\t\t\t\t\t<div class=\"elementor-container elementor-column-gap-default\">\n\t\t\t\t\t<div class=\"elementor-column elementor-col-50 elementor-top-column elementor-element elementor-element-57c2cb68 elementor-invisible\" data-id=\"57c2cb68\" data-element_type=\"column\" data-settings=\"{&quot;animation&quot;:&quot;fadeIn&quot;}\">\n\t\t\t<div class=\"elementor-widget-wrap elementor-element-populated\">\n\t\t\t\t\t\t<div class=\"elementor-element elementor-element-3a57c4fa elementor-widget elementor-widget-heading\" data-id=\"3a57c4fa\" data-element_type=\"widget\" data-widget_type=\"heading.default\">\n\t\t\t\t<div class=\"elementor-widget-container\">\n\t\t\t<h2 class=\"elementor-heading-title elementor-size-default\">coria<\/h2>\t\t<\/div>\n\t\t\t\t<\/div>\n\t\t\t\t<div class=\"elementor-element elementor-element-6a609ee0 elementor-widget elementor-widget-heading\" data-id=\"6a609ee0\" data-element_type=\"widget\" data-widget_type=\"heading.default\">\n\t\t\t\t<div class=\"elementor-widget-container\">\n\t\t\t<h2 class=\"elementor-heading-title elementor-size-default\">Seguridad del Paciente<\/h2>\t\t<\/div>\n\t\t\t\t<\/div>\n\t\t\t\t\t<\/div>\n\t\t<\/div>\n\t\t\t\t<div class=\"elementor-column elementor-col-50 elementor-top-column elementor-element elementor-element-7ab9fd96 elementor-hidden-tablet elementor-hidden-mobile\" data-id=\"7ab9fd96\" data-element_type=\"column\">\n\t\t\t<div class=\"elementor-widget-wrap\">\n\t\t\t\t\t\t\t<\/div>\n\t\t<\/div>\n\t\t\t\t\t<\/div>\n\t\t<\/section>\n\t\t<div class=\"elementor-element elementor-element-2200dd70 e-flex e-con-boxed wpr-particle-no wpr-jarallax-no wpr-parallax-no wpr-sticky-section-no e-con e-parent\" data-id=\"2200dd70\" data-element_type=\"container\" data-settings=\"{&quot;background_background&quot;:&quot;classic&quot;}\">\n\t\t\t\t\t<div class=\"e-con-inner\">\n\t\t<div class=\"elementor-element elementor-element-79d8b9bb e-con-full e-flex wpr-particle-no wpr-jarallax-no wpr-parallax-no wpr-sticky-section-no e-con e-child\" data-id=\"79d8b9bb\" data-element_type=\"container\">\n\t\t<div class=\"elementor-element elementor-element-56d7754c e-con-full e-flex wpr-jarallax-no wpr-parallax-no wpr-sticky-section-no e-con e-child\" data-id=\"56d7754c\" data-element_type=\"container\">\n\t\t<div class=\"elementor-element elementor-element-60c4e994 e-con-full animated-slow e-transform e-flex wpr-particle-no wpr-jarallax-no wpr-parallax-no wpr-sticky-section-no elementor-invisible e-con e-child\" data-id=\"60c4e994\" data-element_type=\"container\" data-settings=\"{&quot;animation&quot;:&quot;zoomIn&quot;,&quot;_transform_scale_effect_hover&quot;:{&quot;unit&quot;:&quot;px&quot;,&quot;size&quot;:1.1,&quot;sizes&quot;:[]},&quot;_transform_scale_effect_hover_laptop&quot;:{&quot;unit&quot;:&quot;px&quot;,&quot;size&quot;:&quot;&quot;,&quot;sizes&quot;:[]},&quot;_transform_scale_effect_hover_tablet&quot;:{&quot;unit&quot;:&quot;px&quot;,&quot;size&quot;:&quot;&quot;,&quot;sizes&quot;:[]},&quot;_transform_scale_effect_hover_mobile&quot;:{&quot;unit&quot;:&quot;px&quot;,&quot;size&quot;:&quot;&quot;,&quot;sizes&quot;:[]}}\">\n\t\t\t\t<div class=\"elementor-element elementor-element-6d3d0cb1 animated-slow elementor-position-top elementor-widget elementor-widget-image-box\" data-id=\"6d3d0cb1\" data-element_type=\"widget\" data-settings=\"{&quot;_animation&quot;:&quot;none&quot;}\" data-widget_type=\"image-box.default\">\n\t\t\t\t<div class=\"elementor-widget-container\">\n\t\t\t<div class=\"elementor-image-box-wrapper\"><figure class=\"elementor-image-box-img\"><a href=\"https:\/\/saludextremadura.ses.es\/areasaludcoria\/wp-content\/uploads\/2024\/08\/5-PLAN-ESTRATEGICO-SEGURIDAD-PACIENTES-SES.pdf\" target=\"_blank\" tabindex=\"-1\"><img decoding=\"async\" width=\"420\" height=\"50\" src=\"https:\/\/saludextremadura.ses.es\/areasaludcoria\/wp-content\/uploads\/2024\/07\/logoJuntaex.png\" class=\"attachment-full size-full wp-image-1680\" alt=\"\" srcset=\"https:\/\/saludextremadura.ses.es\/areasaludcoria\/wp-content\/uploads\/2024\/07\/logoJuntaex.png 420w, https:\/\/saludextremadura.ses.es\/areasaludcoria\/wp-content\/uploads\/2024\/07\/logoJuntaex-300x36.png 300w\" sizes=\"(max-width: 420px) 100vw, 420px\" \/><\/a><\/figure><div class=\"elementor-image-box-content\"><h3 class=\"elementor-image-box-title\"><a href=\"https:\/\/saludextremadura.ses.es\/areasaludcoria\/wp-content\/uploads\/2024\/08\/5-PLAN-ESTRATEGICO-SEGURIDAD-PACIENTES-SES.pdf\" target=\"_blank\">Plan estrat\u00e9gico Seguridad de Pacientes SES<\/a><\/h3><p class=\"elementor-image-box-description\">JUNTA DE EXTREMADURA\nConsejer\u00eda de Sanidad y Pol\u00edticas Sociales<\/p><\/div><\/div>\t\t<\/div>\n\t\t\t\t<\/div>\n\t\t\t\t<\/div>\n\t\t<div class=\"elementor-element elementor-element-28f32ed9 e-con-full animated-slow e-transform e-flex wpr-particle-no wpr-jarallax-no wpr-parallax-no wpr-sticky-section-no elementor-invisible e-con e-child\" data-id=\"28f32ed9\" data-element_type=\"container\" data-settings=\"{&quot;animation&quot;:&quot;zoomIn&quot;,&quot;_transform_scale_effect_hover&quot;:{&quot;unit&quot;:&quot;px&quot;,&quot;size&quot;:1.1,&quot;sizes&quot;:[]},&quot;_transform_scale_effect_hover_laptop&quot;:{&quot;unit&quot;:&quot;px&quot;,&quot;size&quot;:&quot;&quot;,&quot;sizes&quot;:[]},&quot;_transform_scale_effect_hover_tablet&quot;:{&quot;unit&quot;:&quot;px&quot;,&quot;size&quot;:&quot;&quot;,&quot;sizes&quot;:[]},&quot;_transform_scale_effect_hover_mobile&quot;:{&quot;unit&quot;:&quot;px&quot;,&quot;size&quot;:&quot;&quot;,&quot;sizes&quot;:[]}}\">\n\t\t\t\t<div class=\"elementor-element elementor-element-2a10c73a animated-slow elementor-position-top elementor-widget elementor-widget-image-box\" data-id=\"2a10c73a\" data-element_type=\"widget\" data-settings=\"{&quot;_animation&quot;:&quot;none&quot;}\" data-widget_type=\"image-box.default\">\n\t\t\t\t<div class=\"elementor-widget-container\">\n\t\t\t<div class=\"elementor-image-box-wrapper\"><figure class=\"elementor-image-box-img\"><a href=\"https:\/\/saludextremadura.ses.es\/areasaludcoria\/wp-content\/uploads\/2024\/08\/5-PROTOCOLO-IDENTIFICACION-PACIENTES-SES.pdf\" target=\"_blank\" tabindex=\"-1\"><img decoding=\"async\" width=\"420\" height=\"50\" src=\"https:\/\/saludextremadura.ses.es\/areasaludcoria\/wp-content\/uploads\/2024\/07\/logoJuntaex.png\" class=\"attachment-full size-full wp-image-1680\" alt=\"\" srcset=\"https:\/\/saludextremadura.ses.es\/areasaludcoria\/wp-content\/uploads\/2024\/07\/logoJuntaex.png 420w, https:\/\/saludextremadura.ses.es\/areasaludcoria\/wp-content\/uploads\/2024\/07\/logoJuntaex-300x36.png 300w\" sizes=\"(max-width: 420px) 100vw, 420px\" \/><\/a><\/figure><div class=\"elementor-image-box-content\"><h3 class=\"elementor-image-box-title\"><a href=\"https:\/\/saludextremadura.ses.es\/areasaludcoria\/wp-content\/uploads\/2024\/08\/5-PROTOCOLO-IDENTIFICACION-PACIENTES-SES.pdf\" target=\"_blank\">Protocolo Identificaci\u00f3n de Pacientes SES<\/a><\/h3><p class=\"elementor-image-box-description\">JUNTA DE EXTREMADURA\nConsejer\u00eda de Sanidad y Pol\u00edtica Social\nServicio Extreme\u00f1o de Salud<\/p><\/div><\/div>\t\t<\/div>\n\t\t\t\t<\/div>\n\t\t\t\t<\/div>\n\t\t<div class=\"elementor-element elementor-element-5b6fe66b e-con-full animated-slow e-transform e-flex wpr-particle-no wpr-jarallax-no wpr-parallax-no wpr-sticky-section-no elementor-invisible e-con e-child\" data-id=\"5b6fe66b\" data-element_type=\"container\" data-settings=\"{&quot;animation&quot;:&quot;zoomIn&quot;,&quot;_transform_scale_effect_hover&quot;:{&quot;unit&quot;:&quot;px&quot;,&quot;size&quot;:1.1,&quot;sizes&quot;:[]},&quot;_transform_scale_effect_hover_laptop&quot;:{&quot;unit&quot;:&quot;px&quot;,&quot;size&quot;:&quot;&quot;,&quot;sizes&quot;:[]},&quot;_transform_scale_effect_hover_tablet&quot;:{&quot;unit&quot;:&quot;px&quot;,&quot;size&quot;:&quot;&quot;,&quot;sizes&quot;:[]},&quot;_transform_scale_effect_hover_mobile&quot;:{&quot;unit&quot;:&quot;px&quot;,&quot;size&quot;:&quot;&quot;,&quot;sizes&quot;:[]}}\">\n\t\t\t\t<div class=\"elementor-element elementor-element-6e99a7df animated-slow elementor-position-top elementor-widget elementor-widget-image-box\" data-id=\"6e99a7df\" data-element_type=\"widget\" data-settings=\"{&quot;_animation&quot;:&quot;none&quot;}\" data-widget_type=\"image-box.default\">\n\t\t\t\t<div class=\"elementor-widget-container\">\n\t\t\t<div class=\"elementor-image-box-wrapper\"><figure class=\"elementor-image-box-img\"><a href=\"https:\/\/saludextremadura.ses.es\/areasaludcoria\/wp-content\/uploads\/2024\/08\/5-PROTOCOLO-ACOMPANAMIENTO-PERSONAS-DISCAPACIDAD-VISUAL-SES.pdf\" target=\"_blank\" tabindex=\"-1\"><img decoding=\"async\" width=\"420\" height=\"50\" src=\"https:\/\/saludextremadura.ses.es\/areasaludcoria\/wp-content\/uploads\/2024\/07\/logoJuntaex.png\" class=\"attachment-full size-full wp-image-1680\" alt=\"\" srcset=\"https:\/\/saludextremadura.ses.es\/areasaludcoria\/wp-content\/uploads\/2024\/07\/logoJuntaex.png 420w, https:\/\/saludextremadura.ses.es\/areasaludcoria\/wp-content\/uploads\/2024\/07\/logoJuntaex-300x36.png 300w\" sizes=\"(max-width: 420px) 100vw, 420px\" \/><\/a><\/figure><div class=\"elementor-image-box-content\"><h3 class=\"elementor-image-box-title\"><a href=\"https:\/\/saludextremadura.ses.es\/areasaludcoria\/wp-content\/uploads\/2024\/08\/5-PROTOCOLO-ACOMPANAMIENTO-PERSONAS-DISCAPACIDAD-VISUAL-SES.pdf\" target=\"_blank\">Protocolo de Acompa\u00f1amiento a Personas con Discapacidad Visual SES<\/a><\/h3><\/div><\/div>\t\t<\/div>\n\t\t\t\t<\/div>\n\t\t\t\t<\/div>\n\t\t\t\t<\/div>\n\t\t\t\t<\/div>\n\t\t\t\t\t<\/div>\n\t\t\t\t<\/div>\n\t\t\t\t<\/div>\n\t\t","protected":false},"excerpt":{"rendered":"<p>coria Seguridad del Paciente Plan estrat\u00e9gico Seguridad de Pacientes SES JUNTA DE EXTREMADURA Consejer\u00eda de Sanidad y Pol\u00edticas Sociales Protocolo Identificaci\u00f3n de Pacientes SES JUNTA DE EXTREMADURA Consejer\u00eda de Sanidad y Pol\u00edtica Social Servicio Extreme\u00f1o de Salud Protocolo de Acompa\u00f1amiento a Personas con Discapacidad Visual SES<\/p>\n","protected":false},"author":1,"featured_media":0,"parent":0,"menu_order":0,"comment_status":"closed","ping_status":"closed","template":"","meta":{"footnotes":""},"class_list":["post-3674","page","type-page","status-publish","hentry"],"_links":{"self":[{"href":"https:\/\/saludextremadura.ses.es\/areasaludcoria\/wp-json\/wp\/v2\/pages\/3674"}],"collection":[{"href":"https:\/\/saludextremadura.ses.es\/areasaludcoria\/wp-json\/wp\/v2\/pages"}],"about":[{"href":"https:\/\/saludextremadura.ses.es\/areasaludcoria\/wp-json\/wp\/v2\/types\/page"}],"author":[{"embeddable":true,"href":"https:\/\/saludextremadura.ses.es\/areasaludcoria\/wp-json\/wp\/v2\/users\/1"}],"replies":[{"embeddable":true,"href":"https:\/\/saludextremadura.ses.es\/areasaludcoria\/wp-json\/wp\/v2\/comments?post=3674"}],"version-history":[{"count":40,"href":"https:\/\/saludextremadura.ses.es\/areasaludcoria\/wp-json\/wp\/v2\/pages\/3674\/revisions"}],"predecessor-version":[{"id":4150,"href":"https:\/\/saludextremadura.ses.es\/areasaludcoria\/wp-json\/wp\/v2\/pages\/3674\/revisions\/4150"}],"wp:attachment":[{"href":"https:\/\/saludextremadura.ses.es\/areasaludcoria\/wp-json\/wp\/v2\/media?parent=3674"}],"curies":[{"name":"wp","href":"https:\/\/api.w.org\/{rel}","templated":true}]}}