{"id":3480,"date":"2024-07-19T14:00:43","date_gmt":"2024-07-19T12:00:43","guid":{"rendered":"https:\/\/saludextremadura.ses.es\/areasaludcoria?page_id=3480"},"modified":"2024-10-17T11:01:58","modified_gmt":"2024-10-17T09:01:58","slug":"recursos-humanos","status":"publish","type":"page","link":"https:\/\/saludextremadura.ses.es\/areasaludcoria\/recursos-humanos\/","title":{"rendered":"Recursos Humanos"},"content":{"rendered":"\t\t<div data-elementor-type=\"wp-page\" data-elementor-id=\"3480\" class=\"elementor elementor-3480\">\n\t\t\t\t\t\t<section class=\"elementor-section elementor-top-section elementor-element elementor-element-617a7713 elementor-section-height-min-height elementor-section-stretched elementor-section-boxed elementor-section-height-default elementor-section-items-middle wpr-particle-no wpr-jarallax-no wpr-parallax-no wpr-sticky-section-no\" data-id=\"617a7713\" data-element_type=\"section\" data-settings=\"{&quot;background_background&quot;:&quot;classic&quot;,&quot;shape_divider_bottom&quot;:&quot;opacity-tilt&quot;,&quot;stretch_section&quot;:&quot;section-stretched&quot;}\">\n\t\t\t\t\t\t\t<div class=\"elementor-background-overlay\"><\/div>\n\t\t\t\t\t\t<div class=\"elementor-shape elementor-shape-bottom\" data-negative=\"false\">\n\t\t\t<svg xmlns=\"http:\/\/www.w3.org\/2000\/svg\" viewBox=\"0 0 2600 131.1\" preserveAspectRatio=\"none\">\n\t<path class=\"elementor-shape-fill\" d=\"M0 0L2600 0 2600 69.1 0 0z\"\/>\n\t<path class=\"elementor-shape-fill\" style=\"opacity:0.5\" d=\"M0 0L2600 0 2600 69.1 0 69.1z\"\/>\n\t<path class=\"elementor-shape-fill\" style=\"opacity:0.25\" d=\"M2600 0L0 0 0 130.1 2600 69.1z\"\/>\n<\/svg>\t\t<\/div>\n\t\t\t\t\t<div class=\"elementor-container elementor-column-gap-default\">\n\t\t\t\t\t<div class=\"elementor-column elementor-col-50 elementor-top-column elementor-element elementor-element-51f562b3 elementor-invisible\" data-id=\"51f562b3\" data-element_type=\"column\" data-settings=\"{&quot;animation&quot;:&quot;fadeIn&quot;}\">\n\t\t\t<div class=\"elementor-widget-wrap elementor-element-populated\">\n\t\t\t\t\t\t\t<\/div>\n\t\t<\/div>\n\t\t\t\t<div class=\"elementor-column elementor-col-50 elementor-top-column elementor-element elementor-element-51893687 elementor-hidden-tablet elementor-hidden-mobile\" data-id=\"51893687\" data-element_type=\"column\">\n\t\t\t<div class=\"elementor-widget-wrap\">\n\t\t\t\t\t\t\t<\/div>\n\t\t<\/div>\n\t\t\t\t\t<\/div>\n\t\t<\/section>\n\t\t<div class=\"elementor-element elementor-element-631d7cc5 e-flex e-con-boxed wpr-particle-no wpr-jarallax-no wpr-parallax-no wpr-sticky-section-no e-con e-parent\" data-id=\"631d7cc5\" data-element_type=\"container\" data-settings=\"{&quot;background_background&quot;:&quot;classic&quot;}\">\n\t\t\t\t\t<div class=\"e-con-inner\">\n\t\t<div class=\"elementor-element elementor-element-f6e0d6f e-con-full e-flex wpr-particle-no wpr-jarallax-no wpr-parallax-no wpr-sticky-section-no e-con e-child\" data-id=\"f6e0d6f\" data-element_type=\"container\">\n\t\t<div class=\"elementor-element elementor-element-34c8446 e-con-full e-flex wpr-particle-no wpr-jarallax-no wpr-parallax-no wpr-sticky-section-no e-con e-child\" data-id=\"34c8446\" data-element_type=\"container\">\n\t\t\t\t<div class=\"elementor-element elementor-element-3227a3e elementor-widget elementor-widget-heading\" data-id=\"3227a3e\" data-element_type=\"widget\" data-widget_type=\"heading.default\">\n\t\t\t\t<div class=\"elementor-widget-container\">\n\t\t\t<h2 class=\"elementor-heading-title elementor-size-default\">Gesti\u00f3n - Coria<\/h2>\t\t<\/div>\n\t\t\t\t<\/div>\n\t\t\t\t<div class=\"elementor-element elementor-element-8f946b1 elementor-widget-tablet__width-initial elementor-widget elementor-widget-heading\" data-id=\"8f946b1\" data-element_type=\"widget\" data-widget_type=\"heading.default\">\n\t\t\t\t<div class=\"elementor-widget-container\">\n\t\t\t<h2 class=\"elementor-heading-title elementor-size-default\">Recursos Humanos<\/h2>\t\t<\/div>\n\t\t\t\t<\/div>\n\t\t\t\t<div class=\"elementor-element elementor-element-d07686d elementor-widget elementor-widget-text-editor\" data-id=\"d07686d\" data-element_type=\"widget\" data-widget_type=\"text-editor.default\">\n\t\t\t\t<div class=\"elementor-widget-container\">\n\t\t\t\t\t\t\t<p>El Servicio de Servicio de Recursos Humanos, Personal y N\u00f3minas gestiona los recursos humanos del hospital.\u00a0<\/p><ul><li>Gesti\u00f3n de Personal: Sus funciones son realizar las contrataciones, nombramientos, certificaciones y gestionar las nuevas incorporaciones, vacaciones etc .<\/li><li>Gesti\u00f3n de N\u00f3minas: Confecci\u00f3n de las n\u00f3minas y los seguros sociales.<\/li><\/ul><p>\u00a0<\/p><p>Servicio de Recursos Humanos, Personal y N\u00f3minas. <a href=\"mailto:rrhh.coria@salud-juntaex.es\">rrhh.coria@salud-juntaex.es<\/a><\/p><p>Solicitud de documentaci\u00f3n y certificados:<\/p>\t\t\t\t\t\t<\/div>\n\t\t\t\t<\/div>\n\t\t\t\t<div class=\"elementor-element elementor-element-0fe5200 elementor-position-left elementor-vertical-align-middle elementor-widget__width-initial elementor-widget elementor-widget-image-box\" data-id=\"0fe5200\" data-element_type=\"widget\" data-widget_type=\"image-box.default\">\n\t\t\t\t<div class=\"elementor-widget-container\">\n\t\t\t<div class=\"elementor-image-box-wrapper\"><figure class=\"elementor-image-box-img\"><a href=\"https:\/\/saludextremadura.ses.es\/areasaludcoria\/wp-content\/uploads\/2024\/07\/RH-SOLICITUD-CERTIFICADO-PERSONAL.pdf\" target=\"_blank\" tabindex=\"-1\"><img decoding=\"async\" width=\"250\" height=\"125\" src=\"https:\/\/saludextremadura.ses.es\/areasaludcoria\/wp-content\/uploads\/2024\/07\/Gerencia_125px.png\" class=\"attachment-full size-full wp-image-3465\" alt=\"\" \/><\/a><\/figure><div class=\"elementor-image-box-content\"><h3 class=\"elementor-image-box-title\"><a href=\"https:\/\/saludextremadura.ses.es\/areasaludcoria\/wp-content\/uploads\/2024\/07\/RH-SOLICITUD-CERTIFICADO-PERSONAL.pdf\" target=\"_blank\">Solicitud Certificado Personal<\/a><\/h3><\/div><\/div>\t\t<\/div>\n\t\t\t\t<\/div>\n\t\t\t\t<div class=\"elementor-element elementor-element-99399e7 elementor-widget elementor-widget-text-editor\" data-id=\"99399e7\" data-element_type=\"widget\" data-widget_type=\"text-editor.default\">\n\t\t\t\t<div class=\"elementor-widget-container\">\n\t\t\t\t\t\t\t<p>Env\u00edo de curriculum vitae.<\/p><ul><li>Los candidatos que quieran aportar de manera voluntaria su curriculum para posibles puestos de trabajo deber\u00e1n hacerlo por correo electr\u00f3nico a: <a href=\"mailto:rrhh.coria@salud-juntaex.es\">rrhh.coria@salud-juntaex.es<\/a><\/li><li>Este env\u00edo no sustituye ni complementa ning\u00fan tr\u00e1mite en el Portal del Candidato.<\/li><\/ul><p>\u00a0<\/p><p>Prevenci\u00f3n de Riesgos Laborales:<\/p><ul><li>El Servicio de Prevenci\u00f3n de Riesgos Laborales de Plasencia da cobertura a las \u00c1reas de Salud de Plasencia, Coria y Navalmoral de la Mata. Est\u00e1 ubicada en el hospital \u201cVirgen del Puerto de Plasencia\u201d.\u00a0\u00a0 saludlaboral.hvpt@salud-juntaex.es<\/li><\/ul>\t\t\t\t\t\t<\/div>\n\t\t\t\t<\/div>\n\t\t\t\t<div class=\"elementor-element elementor-element-aa0348f elementor-position-left elementor-vertical-align-middle elementor-widget__width-initial elementor-widget elementor-widget-image-box\" data-id=\"aa0348f\" data-element_type=\"widget\" data-widget_type=\"image-box.default\">\n\t\t\t\t<div class=\"elementor-widget-container\">\n\t\t\t<div class=\"elementor-image-box-wrapper\"><figure class=\"elementor-image-box-img\"><a href=\"https:\/\/saludextremadura.ses.es\/areasaludcoria\/wp-content\/uploads\/2024\/07\/RH-SES-UNIDAD-PREVENCION-PLASENCIA.pdf\" target=\"_blank\" tabindex=\"-1\"><img decoding=\"async\" width=\"250\" height=\"125\" src=\"https:\/\/saludextremadura.ses.es\/areasaludcoria\/wp-content\/uploads\/2024\/07\/Gerencia_125px.png\" class=\"attachment-full size-full wp-image-3465\" alt=\"\" \/><\/a><\/figure><div class=\"elementor-image-box-content\"><h3 class=\"elementor-image-box-title\"><a href=\"https:\/\/saludextremadura.ses.es\/areasaludcoria\/wp-content\/uploads\/2024\/07\/RH-SES-UNIDAD-PREVENCION-PLASENCIA.pdf\" target=\"_blank\">SES Unidad Prevenci\u00f3n Plasencia<\/a><\/h3><\/div><\/div>\t\t<\/div>\n\t\t\t\t<\/div>\n\t\t\t\t<\/div>\n\t\t<div class=\"elementor-element elementor-element-2c45cee elementor-hidden-tablet elementor-hidden-mobile e-con-full e-flex wpr-particle-no wpr-jarallax-no wpr-parallax-no wpr-sticky-section-no e-con e-child\" data-id=\"2c45cee\" data-element_type=\"container\">\n\t\t\t\t<div class=\"elementor-element elementor-element-d0aa585 elementor-widget elementor-widget-image\" data-id=\"d0aa585\" data-element_type=\"widget\" data-widget_type=\"image.default\">\n\t\t\t\t<div class=\"elementor-widget-container\">\n\t\t\t\t\t\t\t\t\t\t\t\t\t<img fetchpriority=\"high\" decoding=\"async\" width=\"660\" height=\"660\" src=\"https:\/\/saludextremadura.ses.es\/areasaludcoria\/wp-content\/uploads\/2024\/07\/businessmans-desk.png\" class=\"attachment-large size-large wp-image-3506\" alt=\"\" srcset=\"https:\/\/saludextremadura.ses.es\/areasaludcoria\/wp-content\/uploads\/2024\/07\/businessmans-desk.png 660w, https:\/\/saludextremadura.ses.es\/areasaludcoria\/wp-content\/uploads\/2024\/07\/businessmans-desk-300x300.png 300w, https:\/\/saludextremadura.ses.es\/areasaludcoria\/wp-content\/uploads\/2024\/07\/businessmans-desk-150x150.png 150w\" sizes=\"(max-width: 660px) 100vw, 660px\" \/>\t\t\t\t\t\t\t\t\t\t\t\t\t<\/div>\n\t\t\t\t<\/div>\n\t\t\t\t<\/div>\n\t\t\t\t<\/div>\n\t\t<div class=\"elementor-element elementor-element-3787b711 e-con-full e-flex wpr-particle-no wpr-jarallax-no wpr-parallax-no wpr-sticky-section-no e-con e-child\" data-id=\"3787b711\" data-element_type=\"container\">\n\t\t<div class=\"elementor-element elementor-element-70782a48 e-con-full e-flex wpr-jarallax-no wpr-parallax-no wpr-sticky-section-no e-con e-child\" data-id=\"70782a48\" data-element_type=\"container\">\n\t\t<div class=\"elementor-element elementor-element-7cc8e41d e-con-full animated-slow e-transform e-flex wpr-particle-no wpr-jarallax-no wpr-parallax-no wpr-sticky-section-no elementor-invisible e-con e-child\" data-id=\"7cc8e41d\" data-element_type=\"container\" data-settings=\"{&quot;animation&quot;:&quot;zoomIn&quot;,&quot;_transform_scale_effect_hover&quot;:{&quot;unit&quot;:&quot;px&quot;,&quot;size&quot;:1.1,&quot;sizes&quot;:[]},&quot;_transform_scale_effect_hover_laptop&quot;:{&quot;unit&quot;:&quot;px&quot;,&quot;size&quot;:&quot;&quot;,&quot;sizes&quot;:[]},&quot;_transform_scale_effect_hover_tablet&quot;:{&quot;unit&quot;:&quot;px&quot;,&quot;size&quot;:&quot;&quot;,&quot;sizes&quot;:[]},&quot;_transform_scale_effect_hover_mobile&quot;:{&quot;unit&quot;:&quot;px&quot;,&quot;size&quot;:&quot;&quot;,&quot;sizes&quot;:[]}}\">\n\t\t\t\t<div class=\"elementor-element elementor-element-5f31af4f animated-slow elementor-position-top elementor-widget elementor-widget-image-box\" data-id=\"5f31af4f\" data-element_type=\"widget\" data-settings=\"{&quot;_animation&quot;:&quot;none&quot;}\" data-widget_type=\"image-box.default\">\n\t\t\t\t<div class=\"elementor-widget-container\">\n\t\t\t<div class=\"elementor-image-box-wrapper\"><figure class=\"elementor-image-box-img\"><a href=\"https:\/\/saludextremadura.ses.es\/seleccionpersonal\/\" target=\"_blank\" tabindex=\"-1\"><img decoding=\"async\" width=\"512\" height=\"512\" src=\"https:\/\/saludextremadura.ses.es\/areasaludcoria\/wp-content\/uploads\/2024\/07\/logo_ses.png\" class=\"attachment-full size-full wp-image-1935\" alt=\"\" srcset=\"https:\/\/saludextremadura.ses.es\/areasaludcoria\/wp-content\/uploads\/2024\/07\/logo_ses.png 512w, https:\/\/saludextremadura.ses.es\/areasaludcoria\/wp-content\/uploads\/2024\/07\/logo_ses-300x300.png 300w, https:\/\/saludextremadura.ses.es\/areasaludcoria\/wp-content\/uploads\/2024\/07\/logo_ses-150x150.png 150w\" sizes=\"(max-width: 512px) 100vw, 512px\" \/><\/a><\/figure><div class=\"elementor-image-box-content\"><h3 class=\"elementor-image-box-title\"><a href=\"https:\/\/saludextremadura.ses.es\/seleccionpersonal\/\" target=\"_blank\">SES Oferta de Empleo - Portal del Candidato<\/a><\/h3><\/div><\/div>\t\t<\/div>\n\t\t\t\t<\/div>\n\t\t\t\t<\/div>\n\t\t<div class=\"elementor-element elementor-element-2cb9a201 e-con-full animated-slow e-transform e-flex wpr-particle-no wpr-jarallax-no wpr-parallax-no wpr-sticky-section-no elementor-invisible e-con e-child\" data-id=\"2cb9a201\" data-element_type=\"container\" data-settings=\"{&quot;animation&quot;:&quot;zoomIn&quot;,&quot;_transform_scale_effect_hover&quot;:{&quot;unit&quot;:&quot;px&quot;,&quot;size&quot;:1.1,&quot;sizes&quot;:[]},&quot;_transform_scale_effect_hover_laptop&quot;:{&quot;unit&quot;:&quot;px&quot;,&quot;size&quot;:&quot;&quot;,&quot;sizes&quot;:[]},&quot;_transform_scale_effect_hover_tablet&quot;:{&quot;unit&quot;:&quot;px&quot;,&quot;size&quot;:&quot;&quot;,&quot;sizes&quot;:[]},&quot;_transform_scale_effect_hover_mobile&quot;:{&quot;unit&quot;:&quot;px&quot;,&quot;size&quot;:&quot;&quot;,&quot;sizes&quot;:[]}}\">\n\t\t\t\t<div class=\"elementor-element elementor-element-277ab7bb animated-slow elementor-position-top elementor-widget elementor-widget-image-box\" data-id=\"277ab7bb\" data-element_type=\"widget\" data-settings=\"{&quot;_animation&quot;:&quot;none&quot;}\" data-widget_type=\"image-box.default\">\n\t\t\t\t<div class=\"elementor-widget-container\">\n\t\t\t<div class=\"elementor-image-box-wrapper\"><figure class=\"elementor-image-box-img\"><a href=\"https:\/\/saludextremadura.ses.es\/bolsa\/empleopublico.php\" target=\"_blank\" tabindex=\"-1\"><img decoding=\"async\" width=\"512\" height=\"512\" src=\"https:\/\/saludextremadura.ses.es\/areasaludcoria\/wp-content\/uploads\/2024\/07\/logo_ses.png\" class=\"attachment-full size-full wp-image-1935\" alt=\"\" srcset=\"https:\/\/saludextremadura.ses.es\/areasaludcoria\/wp-content\/uploads\/2024\/07\/logo_ses.png 512w, https:\/\/saludextremadura.ses.es\/areasaludcoria\/wp-content\/uploads\/2024\/07\/logo_ses-300x300.png 300w, https:\/\/saludextremadura.ses.es\/areasaludcoria\/wp-content\/uploads\/2024\/07\/logo_ses-150x150.png 150w\" sizes=\"(max-width: 512px) 100vw, 512px\" \/><\/a><\/figure><div class=\"elementor-image-box-content\"><h3 class=\"elementor-image-box-title\"><a href=\"https:\/\/saludextremadura.ses.es\/bolsa\/empleopublico.php\" target=\"_blank\">SES Inscripci\u00f3n en bolsa de trabajo<\/a><\/h3><\/div><\/div>\t\t<\/div>\n\t\t\t\t<\/div>\n\t\t\t\t<\/div>\n\t\t<div class=\"elementor-element elementor-element-5f1b1e76 e-con-full animated-slow e-transform e-flex wpr-particle-no wpr-jarallax-no wpr-parallax-no wpr-sticky-section-no elementor-invisible e-con e-child\" data-id=\"5f1b1e76\" data-element_type=\"container\" data-settings=\"{&quot;animation&quot;:&quot;zoomIn&quot;,&quot;_transform_scale_effect_hover&quot;:{&quot;unit&quot;:&quot;px&quot;,&quot;size&quot;:1.1,&quot;sizes&quot;:[]},&quot;_transform_scale_effect_hover_laptop&quot;:{&quot;unit&quot;:&quot;px&quot;,&quot;size&quot;:&quot;&quot;,&quot;sizes&quot;:[]},&quot;_transform_scale_effect_hover_tablet&quot;:{&quot;unit&quot;:&quot;px&quot;,&quot;size&quot;:&quot;&quot;,&quot;sizes&quot;:[]},&quot;_transform_scale_effect_hover_mobile&quot;:{&quot;unit&quot;:&quot;px&quot;,&quot;size&quot;:&quot;&quot;,&quot;sizes&quot;:[]}}\">\n\t\t\t\t<div class=\"elementor-element elementor-element-3ff70dc6 animated-slow elementor-position-top elementor-widget elementor-widget-image-box\" data-id=\"3ff70dc6\" data-element_type=\"widget\" data-settings=\"{&quot;_animation&quot;:&quot;none&quot;}\" data-widget_type=\"image-box.default\">\n\t\t\t\t<div class=\"elementor-widget-container\">\n\t\t\t<div class=\"elementor-image-box-wrapper\"><figure class=\"elementor-image-box-img\"><a href=\"https:\/\/www.juntaex.es\/temas\/trabajo-y-empleo\/empleo-publico\" target=\"_blank\" tabindex=\"-1\"><img loading=\"lazy\" decoding=\"async\" width=\"420\" height=\"50\" src=\"https:\/\/saludextremadura.ses.es\/areasaludcoria\/wp-content\/uploads\/2024\/07\/logoJuntaex.png\" class=\"attachment-full size-full wp-image-1680\" alt=\"\" srcset=\"https:\/\/saludextremadura.ses.es\/areasaludcoria\/wp-content\/uploads\/2024\/07\/logoJuntaex.png 420w, https:\/\/saludextremadura.ses.es\/areasaludcoria\/wp-content\/uploads\/2024\/07\/logoJuntaex-300x36.png 300w\" sizes=\"(max-width: 420px) 100vw, 420px\" \/><\/a><\/figure><div class=\"elementor-image-box-content\"><h3 class=\"elementor-image-box-title\"><a href=\"https:\/\/www.juntaex.es\/temas\/trabajo-y-empleo\/empleo-publico\" target=\"_blank\">Junta de Extremadura Empleo P\u00fablico<\/a><\/h3><\/div><\/div>\t\t<\/div>\n\t\t\t\t<\/div>\n\t\t\t\t<\/div>\n\t\t\t\t<\/div>\n\t\t<div class=\"elementor-element elementor-element-31d71b88 e-con-full e-flex wpr-jarallax-no wpr-parallax-no wpr-sticky-section-no e-con e-child\" data-id=\"31d71b88\" data-element_type=\"container\">\n\t\t<div class=\"elementor-element elementor-element-8544add e-con-full animated-slow e-transform e-flex wpr-particle-no wpr-jarallax-no wpr-parallax-no wpr-sticky-section-no elementor-invisible e-con e-child\" data-id=\"8544add\" data-element_type=\"container\" data-settings=\"{&quot;animation&quot;:&quot;zoomIn&quot;,&quot;_transform_scale_effect_hover&quot;:{&quot;unit&quot;:&quot;px&quot;,&quot;size&quot;:1.1,&quot;sizes&quot;:[]},&quot;_transform_scale_effect_hover_laptop&quot;:{&quot;unit&quot;:&quot;px&quot;,&quot;size&quot;:&quot;&quot;,&quot;sizes&quot;:[]},&quot;_transform_scale_effect_hover_tablet&quot;:{&quot;unit&quot;:&quot;px&quot;,&quot;size&quot;:&quot;&quot;,&quot;sizes&quot;:[]},&quot;_transform_scale_effect_hover_mobile&quot;:{&quot;unit&quot;:&quot;px&quot;,&quot;size&quot;:&quot;&quot;,&quot;sizes&quot;:[]}}\">\n\t\t\t\t<div class=\"elementor-element elementor-element-1b4a3713 animated-slow elementor-position-top elementor-widget elementor-widget-image-box\" data-id=\"1b4a3713\" data-element_type=\"widget\" data-settings=\"{&quot;_animation&quot;:&quot;none&quot;}\" data-widget_type=\"image-box.default\">\n\t\t\t\t<div class=\"elementor-widget-container\">\n\t\t\t<div class=\"elementor-image-box-wrapper\"><figure class=\"elementor-image-box-img\"><a href=\"https:\/\/sede-tu.seg-social.gob.es\/wps\/portal\/tussR\/tuss\/Login\/!ut\/p\/z1\/hY5LD4IwEIR_CweubtHQGG8NMSIaI0Ej9mIWqTxSKCmPg7_eRj2Czm13vpkMcIiB1zgUGXaFqlGa-8rp7eCwteNH5Lg5BR4J_YCed97WmYcuXP4B3NhkQoyYPH8jEw0RpV_gR0cAPJMq-cxldbJYZsC1eAgt9KzX5p13XdOubGIT1AJblH2aYIqles7uqrLJWDBXbQfxGA9NFZPSlcOeWdYLCa_xTQ!!\/dz\/d5\/L2dBISEvZ0FBIS9nQSEh\/\" target=\"_blank\" tabindex=\"-1\"><img loading=\"lazy\" decoding=\"async\" width=\"126\" height=\"59\" src=\"https:\/\/saludextremadura.ses.es\/areasaludcoria\/wp-content\/uploads\/2024\/07\/goviernode-Espana.jpg\" class=\"attachment-full size-full wp-image-3450\" alt=\"\" \/><\/a><\/figure><div class=\"elementor-image-box-content\"><h3 class=\"elementor-image-box-title\"><a href=\"https:\/\/sede-tu.seg-social.gob.es\/wps\/portal\/tussR\/tuss\/Login\/!ut\/p\/z1\/hY5LD4IwEIR_CweubtHQGG8NMSIaI0Ej9mIWqTxSKCmPg7_eRj2Czm13vpkMcIiB1zgUGXaFqlGa-8rp7eCwteNH5Lg5BR4J_YCed97WmYcuXP4B3NhkQoyYPH8jEw0RpV_gR0cAPJMq-cxldbJYZsC1eAgt9KzX5p13XdOubGIT1AJblH2aYIqles7uqrLJWDBXbQfxGA9NFZPSlcOeWdYLCa_xTQ!!\/dz\/d5\/L2dBISEvZ0FBIS9nQSEh\/\" target=\"_blank\">Tu Seguridad Social (Gobierno de Espa\u00f1a)<\/a><\/h3><\/div><\/div>\t\t<\/div>\n\t\t\t\t<\/div>\n\t\t\t\t<\/div>\n\t\t<div class=\"elementor-element elementor-element-12a55887 e-con-full animated-slow e-transform e-flex wpr-particle-no wpr-jarallax-no wpr-parallax-no wpr-sticky-section-no elementor-invisible e-con e-child\" data-id=\"12a55887\" data-element_type=\"container\" data-settings=\"{&quot;animation&quot;:&quot;zoomIn&quot;,&quot;_transform_scale_effect_hover&quot;:{&quot;unit&quot;:&quot;px&quot;,&quot;size&quot;:1.1,&quot;sizes&quot;:[]},&quot;_transform_scale_effect_hover_laptop&quot;:{&quot;unit&quot;:&quot;px&quot;,&quot;size&quot;:&quot;&quot;,&quot;sizes&quot;:[]},&quot;_transform_scale_effect_hover_tablet&quot;:{&quot;unit&quot;:&quot;px&quot;,&quot;size&quot;:&quot;&quot;,&quot;sizes&quot;:[]},&quot;_transform_scale_effect_hover_mobile&quot;:{&quot;unit&quot;:&quot;px&quot;,&quot;size&quot;:&quot;&quot;,&quot;sizes&quot;:[]}}\">\n\t\t\t\t<div class=\"elementor-element elementor-element-13c2b6eb animated-slow elementor-position-top elementor-widget elementor-widget-image-box\" data-id=\"13c2b6eb\" data-element_type=\"widget\" data-settings=\"{&quot;_animation&quot;:&quot;none&quot;}\" data-widget_type=\"image-box.default\">\n\t\t\t\t<div class=\"elementor-widget-container\">\n\t\t\t<div class=\"elementor-image-box-wrapper\"><figure class=\"elementor-image-box-img\"><a href=\"https:\/\/www.sepe.es\/HomeSepe\/Personas.html\" target=\"_blank\" tabindex=\"-1\"><img loading=\"lazy\" decoding=\"async\" width=\"126\" height=\"59\" src=\"https:\/\/saludextremadura.ses.es\/areasaludcoria\/wp-content\/uploads\/2024\/07\/goviernode-Espana.jpg\" class=\"attachment-full size-full wp-image-3450\" alt=\"\" \/><\/a><\/figure><div class=\"elementor-image-box-content\"><h3 class=\"elementor-image-box-title\"><a href=\"https:\/\/www.sepe.es\/HomeSepe\/Personas.html\" target=\"_blank\">Servicio P\u00fablico de Empleo Estatal (SEPE)<\/a><\/h3><\/div><\/div>\t\t<\/div>\n\t\t\t\t<\/div>\n\t\t\t\t<\/div>\n\t\t<div class=\"elementor-element elementor-element-7dea521 e-con-full animated-slow e-transform e-flex wpr-particle-no wpr-jarallax-no wpr-parallax-no wpr-sticky-section-no elementor-invisible e-con e-child\" data-id=\"7dea521\" data-element_type=\"container\" data-settings=\"{&quot;animation&quot;:&quot;zoomIn&quot;,&quot;_transform_scale_effect_hover&quot;:{&quot;unit&quot;:&quot;px&quot;,&quot;size&quot;:1.1,&quot;sizes&quot;:[]},&quot;_transform_scale_effect_hover_laptop&quot;:{&quot;unit&quot;:&quot;px&quot;,&quot;size&quot;:&quot;&quot;,&quot;sizes&quot;:[]},&quot;_transform_scale_effect_hover_tablet&quot;:{&quot;unit&quot;:&quot;px&quot;,&quot;size&quot;:&quot;&quot;,&quot;sizes&quot;:[]},&quot;_transform_scale_effect_hover_mobile&quot;:{&quot;unit&quot;:&quot;px&quot;,&quot;size&quot;:&quot;&quot;,&quot;sizes&quot;:[]}}\">\n\t\t\t\t<div class=\"elementor-element elementor-element-914fa29 animated-slow elementor-position-top elementor-widget elementor-widget-image-box\" data-id=\"914fa29\" data-element_type=\"widget\" data-settings=\"{&quot;_animation&quot;:&quot;none&quot;}\" data-widget_type=\"image-box.default\">\n\t\t\t\t<div class=\"elementor-widget-container\">\n\t\t\t<div class=\"elementor-image-box-wrapper\"><figure class=\"elementor-image-box-img\"><a href=\"https:\/\/extremaduratrabaja.juntaex.es\/\" target=\"_blank\" tabindex=\"-1\"><img loading=\"lazy\" decoding=\"async\" width=\"512\" height=\"512\" src=\"https:\/\/saludextremadura.ses.es\/areasaludcoria\/wp-content\/uploads\/2024\/07\/unnamed.png\" class=\"attachment-full size-full wp-image-3492\" alt=\"\" srcset=\"https:\/\/saludextremadura.ses.es\/areasaludcoria\/wp-content\/uploads\/2024\/07\/unnamed.png 512w, https:\/\/saludextremadura.ses.es\/areasaludcoria\/wp-content\/uploads\/2024\/07\/unnamed-300x300.png 300w, https:\/\/saludextremadura.ses.es\/areasaludcoria\/wp-content\/uploads\/2024\/07\/unnamed-150x150.png 150w\" sizes=\"(max-width: 512px) 100vw, 512px\" \/><\/a><\/figure><div class=\"elementor-image-box-content\"><h3 class=\"elementor-image-box-title\"><a href=\"https:\/\/extremaduratrabaja.juntaex.es\/\" target=\"_blank\">Servicio Extreme\u00f1o P\u00fablico de Empleo (SEXPE)<\/a><\/h3><\/div><\/div>\t\t<\/div>\n\t\t\t\t<\/div>\n\t\t\t\t<\/div>\n\t\t\t\t<\/div>\n\t\t\t\t<\/div>\n\t\t\t\t\t<\/div>\n\t\t\t\t<\/div>\n\t\t\t\t<\/div>\n\t\t","protected":false},"excerpt":{"rendered":"<p>Gesti\u00f3n &#8211; Coria Recursos Humanos El Servicio de Servicio de Recursos Humanos, Personal y N\u00f3minas gestiona los recursos humanos del hospital.\u00a0 Gesti\u00f3n de Personal: Sus funciones son realizar las contrataciones, nombramientos, certificaciones y gestionar las nuevas incorporaciones, vacaciones etc . Gesti\u00f3n de N\u00f3minas: Confecci\u00f3n de las n\u00f3minas y los seguros sociales. \u00a0 Servicio de Recursos Humanos, Personal y N\u00f3minas. rrhh.coria@salud-juntaex.es Solicitud de documentaci\u00f3n y certificados: Solicitud Certificado Personal Env\u00edo de curriculum vitae. Los candidatos que quieran aportar de manera voluntaria su curriculum para posibles puestos de trabajo deber\u00e1n hacerlo por correo electr\u00f3nico a: rrhh.coria@salud-juntaex.es Este env\u00edo no sustituye ni complementa ning\u00fan tr\u00e1mite en el Portal del Candidato. \u00a0 Prevenci\u00f3n de Riesgos Laborales: El Servicio de Prevenci\u00f3n de Riesgos Laborales de Plasencia da cobertura a las \u00c1reas de Salud de Plasencia, Coria y Navalmoral de la Mata. Est\u00e1 ubicada en el hospital \u201cVirgen del Puerto de Plasencia\u201d.\u00a0\u00a0 saludlaboral.hvpt@salud-juntaex.es SES Unidad Prevenci\u00f3n Plasencia SES Oferta de Empleo &#8211; Portal del Candidato SES Inscripci\u00f3n en bolsa de trabajo Junta de Extremadura Empleo P\u00fablico Tu Seguridad Social (Gobierno de Espa\u00f1a) Servicio P\u00fablico de Empleo Estatal (SEPE) Servicio Extreme\u00f1o P\u00fablico de Empleo (SEXPE)<\/p>\n","protected":false},"author":1,"featured_media":0,"parent":0,"menu_order":0,"comment_status":"closed","ping_status":"closed","template":"","meta":{"footnotes":""},"class_list":["post-3480","page","type-page","status-publish","hentry"],"_links":{"self":[{"href":"https:\/\/saludextremadura.ses.es\/areasaludcoria\/wp-json\/wp\/v2\/pages\/3480"}],"collection":[{"href":"https:\/\/saludextremadura.ses.es\/areasaludcoria\/wp-json\/wp\/v2\/pages"}],"about":[{"href":"https:\/\/saludextremadura.ses.es\/areasaludcoria\/wp-json\/wp\/v2\/types\/page"}],"author":[{"embeddable":true,"href":"https:\/\/saludextremadura.ses.es\/areasaludcoria\/wp-json\/wp\/v2\/users\/1"}],"replies":[{"embeddable":true,"href":"https:\/\/saludextremadura.ses.es\/areasaludcoria\/wp-json\/wp\/v2\/comments?post=3480"}],"version-history":[{"count":52,"href":"https:\/\/saludextremadura.ses.es\/areasaludcoria\/wp-json\/wp\/v2\/pages\/3480\/revisions"}],"predecessor-version":[{"id":5104,"href":"https:\/\/saludextremadura.ses.es\/areasaludcoria\/wp-json\/wp\/v2\/pages\/3480\/revisions\/5104"}],"wp:attachment":[{"href":"https:\/\/saludextremadura.ses.es\/areasaludcoria\/wp-json\/wp\/v2\/media?parent=3480"}],"curies":[{"name":"wp","href":"https:\/\/api.w.org\/{rel}","templated":true}]}}