{"id":2550,"date":"2024-07-11T13:18:35","date_gmt":"2024-07-11T11:18:35","guid":{"rendered":"https:\/\/saludextremadura.ses.es\/areasaludcoria?page_id=2550"},"modified":"2024-12-04T10:22:14","modified_gmt":"2024-12-04T09:22:14","slug":"atencion-al-usuario","status":"publish","type":"page","link":"https:\/\/saludextremadura.ses.es\/areasaludcoria\/atencion-al-usuario\/","title":{"rendered":"Atenci\u00f3n al Usuario"},"content":{"rendered":"\t\t<div data-elementor-type=\"wp-page\" data-elementor-id=\"2550\" class=\"elementor elementor-2550\">\n\t\t\t\t\t\t<section class=\"elementor-section elementor-top-section elementor-element elementor-element-2b6759a00 elementor-section-height-min-height elementor-section-stretched elementor-section-boxed elementor-section-height-default elementor-section-items-middle wpr-particle-no wpr-jarallax-no wpr-parallax-no wpr-sticky-section-no\" data-id=\"2b6759a00\" data-element_type=\"section\" data-settings=\"{&quot;background_background&quot;:&quot;classic&quot;,&quot;shape_divider_bottom&quot;:&quot;opacity-tilt&quot;,&quot;stretch_section&quot;:&quot;section-stretched&quot;}\">\n\t\t\t\t\t<div class=\"elementor-shape elementor-shape-bottom\" data-negative=\"false\">\n\t\t\t<svg xmlns=\"http:\/\/www.w3.org\/2000\/svg\" viewBox=\"0 0 2600 131.1\" preserveAspectRatio=\"none\">\n\t<path class=\"elementor-shape-fill\" d=\"M0 0L2600 0 2600 69.1 0 0z\"\/>\n\t<path class=\"elementor-shape-fill\" style=\"opacity:0.5\" d=\"M0 0L2600 0 2600 69.1 0 69.1z\"\/>\n\t<path class=\"elementor-shape-fill\" style=\"opacity:0.25\" d=\"M2600 0L0 0 0 130.1 2600 69.1z\"\/>\n<\/svg>\t\t<\/div>\n\t\t\t\t\t<div class=\"elementor-container elementor-column-gap-default\">\n\t\t\t\t\t<div class=\"elementor-column elementor-col-50 elementor-top-column elementor-element elementor-element-67bb9536 elementor-invisible\" data-id=\"67bb9536\" data-element_type=\"column\" data-settings=\"{&quot;animation&quot;:&quot;fadeIn&quot;}\">\n\t\t\t<div class=\"elementor-widget-wrap elementor-element-populated\">\n\t\t\t\t\t\t<div class=\"elementor-element elementor-element-56cb2e3e elementor-widget elementor-widget-heading\" data-id=\"56cb2e3e\" data-element_type=\"widget\" data-widget_type=\"heading.default\">\n\t\t\t\t<div class=\"elementor-widget-container\">\n\t\t\t<h2 class=\"elementor-heading-title elementor-size-default\">Gerencia del \u00c1rea de Salud de Coria<\/h2>\t\t<\/div>\n\t\t\t\t<\/div>\n\t\t\t\t<div class=\"elementor-element elementor-element-49a83ed8 elementor-widget elementor-widget-heading\" data-id=\"49a83ed8\" data-element_type=\"widget\" data-widget_type=\"heading.default\">\n\t\t\t\t<div class=\"elementor-widget-container\">\n\t\t\t<h2 class=\"elementor-heading-title elementor-size-default\">Atenci\u00f3n al usuario<\/h2>\t\t<\/div>\n\t\t\t\t<\/div>\n\t\t\t\t\t<\/div>\n\t\t<\/div>\n\t\t\t\t<div class=\"elementor-column elementor-col-50 elementor-top-column elementor-element elementor-element-32714866 elementor-hidden-tablet elementor-hidden-mobile\" data-id=\"32714866\" data-element_type=\"column\">\n\t\t\t<div class=\"elementor-widget-wrap\">\n\t\t\t\t\t\t\t<\/div>\n\t\t<\/div>\n\t\t\t\t\t<\/div>\n\t\t<\/section>\n\t\t<div class=\"elementor-element elementor-element-4afab31 e-flex e-con-boxed wpr-particle-no wpr-jarallax-no wpr-parallax-no wpr-sticky-section-no e-con e-parent\" data-id=\"4afab31\" data-element_type=\"container\">\n\t\t\t\t\t<div class=\"e-con-inner\">\n\t\t\t\t<div class=\"elementor-element elementor-element-e68a602 e-transform wpr-button-icon-style-inline wpr-button-icon-position-right elementor-widget elementor-widget-wpr-button\" data-id=\"e68a602\" data-element_type=\"widget\" data-settings=\"{&quot;_transform_scale_effect_hover&quot;:{&quot;unit&quot;:&quot;px&quot;,&quot;size&quot;:1.1,&quot;sizes&quot;:[]},&quot;_transform_scale_effect_hover_laptop&quot;:{&quot;unit&quot;:&quot;px&quot;,&quot;size&quot;:&quot;&quot;,&quot;sizes&quot;:[]},&quot;_transform_scale_effect_hover_tablet&quot;:{&quot;unit&quot;:&quot;px&quot;,&quot;size&quot;:&quot;&quot;,&quot;sizes&quot;:[]},&quot;_transform_scale_effect_hover_mobile&quot;:{&quot;unit&quot;:&quot;px&quot;,&quot;size&quot;:&quot;&quot;,&quot;sizes&quot;:[]}}\" data-widget_type=\"wpr-button.default\">\n\t\t\t\t<div class=\"elementor-widget-container\">\n\t\t\t\t\n\t\t\t\n\t\t\n\t\t<div class=\"wpr-button-wrap elementor-clearfix\">\n\t\t<a class=\"wpr-button wpr-button-effect wpr-button-none\" data-text=\"Go\" href=\"https:\/\/saludextremadura.ses.es\/defensorausuarios\/\" target=\"_blank\">\n\t\t\t\n\t\t\t<span class=\"wpr-button-content\">\n\t\t\t\t\t\t\t\t\t<span class=\"wpr-button-text\">Defensor de los usuarios Sistema Sanitario P\u00fablico de Extremadura<\/span>\n\t\t\t\t\t\t\t\t\n\t\t\t\t\t\t\t<\/span>\n\t\t<\/a>\n\n\t\t\t\t<\/div>\n\t\n\t\n\t\t\t<\/div>\n\t\t\t\t<\/div>\n\t\t\t\t\t<\/div>\n\t\t\t\t<\/div>\n\t\t\t\t<section class=\"elementor-section elementor-top-section elementor-element elementor-element-2af24b8d elementor-section-boxed elementor-section-height-default elementor-section-height-default wpr-particle-no wpr-jarallax-no wpr-parallax-no wpr-sticky-section-no\" data-id=\"2af24b8d\" data-element_type=\"section\">\n\t\t\t\t\t\t<div class=\"elementor-container elementor-column-gap-default\">\n\t\t\t\t\t<div class=\"elementor-column elementor-col-50 elementor-top-column elementor-element elementor-element-56d00d8a\" data-id=\"56d00d8a\" data-element_type=\"column\">\n\t\t\t<div class=\"elementor-widget-wrap elementor-element-populated\">\n\t\t\t\t\t\t<div class=\"elementor-element elementor-element-5a2226ca elementor-widget elementor-widget-heading\" data-id=\"5a2226ca\" data-element_type=\"widget\" data-widget_type=\"heading.default\">\n\t\t\t\t<div class=\"elementor-widget-container\">\n\t\t\t<h2 class=\"elementor-heading-title elementor-size-default\">Gerencia del \u00c1rea de Salud de Coria<\/h2>\t\t<\/div>\n\t\t\t\t<\/div>\n\t\t\t\t<div class=\"elementor-element elementor-element-691d4e54 elementor-widget elementor-widget-heading\" data-id=\"691d4e54\" data-element_type=\"widget\" data-widget_type=\"heading.default\">\n\t\t\t\t<div class=\"elementor-widget-container\">\n\t\t\t<h2 class=\"elementor-heading-title elementor-size-default\">Atenci\u00f3n al Usuario<\/h2>\t\t<\/div>\n\t\t\t\t<\/div>\n\t\t\t\t<div class=\"elementor-element elementor-element-67145e60 elementor-widget elementor-widget-text-editor\" data-id=\"67145e60\" data-element_type=\"widget\" data-widget_type=\"text-editor.default\">\n\t\t\t\t<div class=\"elementor-widget-container\">\n\t\t\t\t\t\t\t<p>El Servicio de Atenci\u00f3n al Usuario es el punto de encuentro entre la administraci\u00f3n sanitaria y los pacientes y sus familias, siendo un servicio que permite mediar y establecer un canal de comunicaci\u00f3n y di\u00e1logo entre el usuario y los profesionales, para ayudarles a resolver dudas, necesidades o demandas administrativas y asistenciales, entre otras cosas. A su vez, constituyen un espacio para, con distintas herramientas, contribuir a la mejora continua en la calidad percibida por el usuario de los servicios sanitarios p\u00fablicos, sirvi\u00e9ndose de las sugerencias y propuestas de mejora que los ciudadanos hacen llegar a trav\u00e9s de este servicio.<\/p>\t\t\t\t\t\t<\/div>\n\t\t\t\t<\/div>\n\t\t\t\t\t<\/div>\n\t\t<\/div>\n\t\t\t\t<div class=\"elementor-column elementor-col-50 elementor-top-column elementor-element elementor-element-3a917a62 elementor-hidden-tablet elementor-hidden-mobile\" data-id=\"3a917a62\" data-element_type=\"column\">\n\t\t\t<div class=\"elementor-widget-wrap elementor-element-populated\">\n\t\t\t\t\t\t<div class=\"elementor-element elementor-element-30bd5fa9 elementor-widget elementor-widget-image\" data-id=\"30bd5fa9\" data-element_type=\"widget\" data-widget_type=\"image.default\">\n\t\t\t\t<div class=\"elementor-widget-container\">\n\t\t\t\t\t\t\t\t\t\t\t\t\t<img fetchpriority=\"high\" decoding=\"async\" width=\"960\" height=\"880\" src=\"https:\/\/saludextremadura.ses.es\/areasaludcoria\/wp-content\/uploads\/2024\/07\/atencional-usuario-1024x939.png\" class=\"attachment-large size-large wp-image-2714\" alt=\"\" srcset=\"https:\/\/saludextremadura.ses.es\/areasaludcoria\/wp-content\/uploads\/2024\/07\/atencional-usuario-1024x939.png 1024w, https:\/\/saludextremadura.ses.es\/areasaludcoria\/wp-content\/uploads\/2024\/07\/atencional-usuario-300x275.png 300w, https:\/\/saludextremadura.ses.es\/areasaludcoria\/wp-content\/uploads\/2024\/07\/atencional-usuario-768x704.png 768w, https:\/\/saludextremadura.ses.es\/areasaludcoria\/wp-content\/uploads\/2024\/07\/atencional-usuario.png 1281w\" sizes=\"(max-width: 960px) 100vw, 960px\" \/>\t\t\t\t\t\t\t\t\t\t\t\t\t<\/div>\n\t\t\t\t<\/div>\n\t\t\t\t\t<\/div>\n\t\t<\/div>\n\t\t\t\t\t<\/div>\n\t\t<\/section>\n\t\t<div class=\"elementor-element elementor-element-873ae69 e-flex e-con-boxed wpr-particle-no wpr-jarallax-no wpr-parallax-no wpr-sticky-section-no e-con e-parent\" data-id=\"873ae69\" data-element_type=\"container\">\n\t\t\t\t\t<div class=\"e-con-inner\">\n\t\t\t\t<div class=\"elementor-element elementor-element-1c5b92a elementor-view-framed elementor-vertical-align-middle elementor-shape-rounded elementor-position-left elementor-mobile-position-top elementor-widget elementor-widget-icon-box\" data-id=\"1c5b92a\" data-element_type=\"widget\" data-widget_type=\"icon-box.default\">\n\t\t\t\t<div class=\"elementor-widget-container\">\n\t\t\t\t\t<div class=\"elementor-icon-box-wrapper\">\n\n\t\t\t\t\t\t<div class=\"elementor-icon-box-icon\">\n\t\t\t\t<span  class=\"elementor-icon elementor-animation-\">\n\t\t\t\t<svg aria-hidden=\"true\" class=\"e-font-icon-svg e-fas-clock\" viewBox=\"0 0 512 512\" xmlns=\"http:\/\/www.w3.org\/2000\/svg\"><path d=\"M256,8C119,8,8,119,8,256S119,504,256,504,504,393,504,256,393,8,256,8Zm92.49,313h0l-20,25a16,16,0,0,1-22.49,2.5h0l-67-49.72a40,40,0,0,1-15-31.23V112a16,16,0,0,1,16-16h32a16,16,0,0,1,16,16V256l58,42.5A16,16,0,0,1,348.49,321Z\"><\/path><\/svg>\t\t\t\t<\/span>\n\t\t\t<\/div>\n\t\t\t\n\t\t\t\t\t\t<div class=\"elementor-icon-box-content\">\n\n\t\t\t\t\t\t\t\t\t<h3 class=\"elementor-icon-box-title\">\n\t\t\t\t\t\t<span  >\n\t\t\t\t\t\t\tHorario:\t\t\t\t\t\t<\/span>\n\t\t\t\t\t<\/h3>\n\t\t\t\t\n\t\t\t\t\t\t\t\t\t<p class=\"elementor-icon-box-description\">\n\t\t\t\t\t\t Atenci\u00f3n al P\u00fablico: de lunes a viernes de 9:00 a 14:00 horas\t\t\t\t\t<\/p>\n\t\t\t\t\n\t\t\t<\/div>\n\t\t\t\n\t\t<\/div>\n\t\t\t\t<\/div>\n\t\t\t\t<\/div>\n\t\t\t\t<div class=\"elementor-element elementor-element-f79f768 elementor-widget elementor-widget-text-editor\" data-id=\"f79f768\" data-element_type=\"widget\" data-widget_type=\"text-editor.default\">\n\t\t\t\t<div class=\"elementor-widget-container\">\n\t\t\t\t\t\t\t<p><strong>Funciones principales:<\/strong><\/p><ul><li>Ofrecer informaci\u00f3n presencial y telef\u00f3nica a usuarios.<\/li><li>Orientar a pacientes y familiares cuando acuden o ingresan en un centro sanitario.<\/li><li>Tramita y gestiona las reclamaciones, quejas y sugerencias de los usuarios, que estudia y analiza dando traslado de sus conclusiones y propuestas de mejoras, tanto de atenci\u00f3n primaria como de atenci\u00f3n hospitalaria.<\/li><li>Velar por el cumplimiento de las normas respecto a pacientes y familiares.<\/li><li>Gestionar las encuestas de satisfacci\u00f3n.<\/li><li>Informaci\u00f3n sobre la ley de plazos. Ley 1\/2005 de tiempos de respuesta en la atenci\u00f3n sanitaria especializada del sistema sanitario p\u00fablico de Extremadura.<\/li><li>Solicitud y entrega de documentaci\u00f3n cl\u00ednica.<\/li><li>Solicitud y entrega de muestras biol\u00f3gicas.<\/li><li>Solicitud de segunda opini\u00f3n.<\/li><li>Solicitud de cambio de \u00c1rea Sanitaria.<\/li><li>Solicitud de cambio de especialista.<\/li><li>Entrega e informaci\u00f3n sobre Expresi\u00f3n Anticipada de Voluntades.<\/li><li>Transporte sanitario: soluci\u00f3n de incidencias.<\/li><\/ul><h5>\u00a0<\/h5><h5><strong>Trabajo Social:<\/strong><\/h5><p>Se atiende a la poblaci\u00f3n en cualquiera de sus \u00e1reas y servicios, a trav\u00e9s de una intervenci\u00f3n social que garantice la atenci\u00f3n integral a la salud. Interviniendo con pacientes y\/o familias que presenten o puedan presentar problem\u00e1tica social como consecuencia de la enfermedad y abordando los problemas derivados de la misma en coordinaci\u00f3n con el resto de recursos sociales y comunitarios existentes para garantizar una atenci\u00f3n eficaz y una adecuada continuidad asistencial.<\/p><p>\u00a0<\/p><p><strong>Atenci\u00f3n directa a enfermos y familiares en consultas externas\/ambulatorias:<\/strong><\/p><ul><li>Gesti\u00f3n de la solicitud de prestaciones ortoprot\u00e9sicas, productos farmac\u00e9uticos de uso pedi\u00e1trico, desplazamientos, oxigenoterapia.<\/li><li>Gesti\u00f3n de solicitudes al CADEX, valoraci\u00f3n inicial, servicios de atenci\u00f3n temprana y habilitaci\u00f3n funcional.<\/li><li>Colaboraci\u00f3n con el SEPAD en la gesti\u00f3n de solicitudes de reconocimiento de la situaci\u00f3n de dependencia y del derecho a las prestaciones del sistema para la autonom\u00eda y atenci\u00f3n a la dependencia.<\/li><li>Trabajo en red y coordinaci\u00f3n sociosanitaria<\/li><li>Valoraci\u00f3n, diagn\u00f3stico, tratamiento o derivaci\u00f3n a otros recursos de pacientes con problem\u00e1tica social<\/li><li>Coordinaci\u00f3n con servicios sociales de base, servicios sociales especializados, oficinas de igualdad y otros.<\/li><\/ul><p>\u00a0<\/p><p><strong>Hospitalizaci\u00f3n:<\/strong><\/p><ul><li>Programa de planificaci\u00f3n al alta. Estableciendo antes del ingreso una primera comunicaci\u00f3n con el paciente hospitalizado y su familia, que presenten criterios de riesgo o problem\u00e1tica social al alta, valorando, organizando y planificando junto con ellos el retorno al domicilio u otro recurso con las garant\u00edas necesarias para su adecuada atenci\u00f3n<\/li><li>Gesti\u00f3n de pr\u00e9stamo y devoluci\u00f3n de material ortoprot\u00e9sico recuperable.<\/li><li>Gesti\u00f3n con otros centros p\u00fablicos sociosanitarios.<\/li><li>Seguimiento del paciente a trav\u00e9s de coordinaci\u00f3n con los Equipos de Atenci\u00f3n Primaria de salud y servicios sociales de base<\/li><li>Mediaci\u00f3n entre servicios sanitarios y sociales<\/li><\/ul><p>\u00a0<\/p><p><strong>En la Comunidad:<\/strong><\/p><ul><li>Participaci\u00f3n en la planificaci\u00f3n y desarrollo de proyectos sociosanitarios para la Comunidad.<\/li><li>Docencia y sesiones cl\u00ednicas.<\/li><\/ul>\t\t\t\t\t\t<\/div>\n\t\t\t\t<\/div>\n\t\t\t\t\t<\/div>\n\t\t\t\t<\/div>\n\t\t\t\t<\/div>\n\t\t","protected":false},"excerpt":{"rendered":"<p>Gerencia del \u00c1rea de Salud de Coria Atenci\u00f3n al usuario Defensor de los usuarios Sistema Sanitario P\u00fablico de Extremadura Gerencia del \u00c1rea de Salud de Coria Atenci\u00f3n al Usuario El Servicio de Atenci\u00f3n al Usuario es el punto de encuentro entre la administraci\u00f3n sanitaria y los pacientes y sus familias, siendo un servicio que permite mediar y establecer un canal de comunicaci\u00f3n y di\u00e1logo entre el usuario y los profesionales, para ayudarles a resolver dudas, necesidades o demandas administrativas y asistenciales, entre otras cosas. A su vez, constituyen un espacio para, con distintas herramientas, contribuir a la mejora continua en la calidad percibida por el usuario de los servicios sanitarios p\u00fablicos, sirvi\u00e9ndose de las sugerencias y propuestas de mejora que los ciudadanos hacen llegar a trav\u00e9s de este servicio. Horario: Atenci\u00f3n al P\u00fablico: de lunes a viernes de 9:00 a 14:00 horas Funciones principales: Ofrecer informaci\u00f3n presencial y telef\u00f3nica a usuarios. Orientar a pacientes y familiares cuando acuden o ingresan en un centro sanitario. Tramita y gestiona las reclamaciones, quejas y sugerencias de los usuarios, que estudia y analiza dando traslado de sus conclusiones y propuestas de mejoras, tanto de atenci\u00f3n primaria como de atenci\u00f3n hospitalaria. Velar por el cumplimiento de las normas respecto a pacientes y familiares. Gestionar las encuestas de satisfacci\u00f3n. Informaci\u00f3n sobre la ley de plazos. Ley 1\/2005 de tiempos de respuesta en la atenci\u00f3n sanitaria especializada del sistema sanitario p\u00fablico de Extremadura. Solicitud y entrega de documentaci\u00f3n cl\u00ednica. Solicitud y entrega de muestras biol\u00f3gicas. Solicitud de segunda opini\u00f3n. Solicitud de cambio de \u00c1rea Sanitaria. Solicitud de cambio de especialista. Entrega e informaci\u00f3n sobre Expresi\u00f3n Anticipada de Voluntades. Transporte sanitario: soluci\u00f3n de incidencias. \u00a0 Trabajo Social: Se atiende a la poblaci\u00f3n en cualquiera de sus \u00e1reas y servicios, a trav\u00e9s de una intervenci\u00f3n social que garantice la atenci\u00f3n integral a la salud. Interviniendo con pacientes y\/o familias que presenten o puedan presentar problem\u00e1tica social como consecuencia de la enfermedad y abordando los problemas derivados de la misma en coordinaci\u00f3n con el resto de recursos sociales y comunitarios existentes para garantizar una atenci\u00f3n eficaz y una adecuada continuidad asistencial. \u00a0 Atenci\u00f3n directa a enfermos y familiares en consultas externas\/ambulatorias: Gesti\u00f3n de la solicitud de prestaciones ortoprot\u00e9sicas, productos farmac\u00e9uticos de uso pedi\u00e1trico, desplazamientos, oxigenoterapia. Gesti\u00f3n de solicitudes al CADEX, valoraci\u00f3n inicial, servicios de atenci\u00f3n temprana y habilitaci\u00f3n funcional. Colaboraci\u00f3n con el SEPAD en la gesti\u00f3n de solicitudes de reconocimiento de la situaci\u00f3n de dependencia y del derecho a las prestaciones del sistema para la autonom\u00eda y atenci\u00f3n a la dependencia. Trabajo en red y coordinaci\u00f3n sociosanitaria Valoraci\u00f3n, diagn\u00f3stico, tratamiento o derivaci\u00f3n a otros recursos de pacientes con problem\u00e1tica social Coordinaci\u00f3n con servicios sociales de base, servicios sociales especializados, oficinas de igualdad y otros. \u00a0 Hospitalizaci\u00f3n: Programa de planificaci\u00f3n al alta. Estableciendo antes del ingreso una primera comunicaci\u00f3n con el paciente hospitalizado y su familia, que presenten criterios de riesgo o problem\u00e1tica social al alta, valorando, organizando y planificando junto con ellos el retorno al domicilio u otro recurso con las garant\u00edas necesarias para su adecuada atenci\u00f3n Gesti\u00f3n de pr\u00e9stamo y devoluci\u00f3n de material ortoprot\u00e9sico recuperable. Gesti\u00f3n con otros centros p\u00fablicos sociosanitarios. Seguimiento del paciente a trav\u00e9s de coordinaci\u00f3n con los Equipos de Atenci\u00f3n Primaria de salud y servicios sociales de base Mediaci\u00f3n entre servicios sanitarios y sociales \u00a0 En la Comunidad: Participaci\u00f3n en la planificaci\u00f3n y desarrollo de proyectos sociosanitarios para la Comunidad. Docencia y sesiones cl\u00ednicas.<\/p>\n","protected":false},"author":1,"featured_media":0,"parent":0,"menu_order":0,"comment_status":"closed","ping_status":"closed","template":"","meta":{"footnotes":""},"class_list":["post-2550","page","type-page","status-publish","hentry"],"_links":{"self":[{"href":"https:\/\/saludextremadura.ses.es\/areasaludcoria\/wp-json\/wp\/v2\/pages\/2550"}],"collection":[{"href":"https:\/\/saludextremadura.ses.es\/areasaludcoria\/wp-json\/wp\/v2\/pages"}],"about":[{"href":"https:\/\/saludextremadura.ses.es\/areasaludcoria\/wp-json\/wp\/v2\/types\/page"}],"author":[{"embeddable":true,"href":"https:\/\/saludextremadura.ses.es\/areasaludcoria\/wp-json\/wp\/v2\/users\/1"}],"replies":[{"embeddable":true,"href":"https:\/\/saludextremadura.ses.es\/areasaludcoria\/wp-json\/wp\/v2\/comments?post=2550"}],"version-history":[{"count":94,"href":"https:\/\/saludextremadura.ses.es\/areasaludcoria\/wp-json\/wp\/v2\/pages\/2550\/revisions"}],"predecessor-version":[{"id":5347,"href":"https:\/\/saludextremadura.ses.es\/areasaludcoria\/wp-json\/wp\/v2\/pages\/2550\/revisions\/5347"}],"wp:attachment":[{"href":"https:\/\/saludextremadura.ses.es\/areasaludcoria\/wp-json\/wp\/v2\/media?parent=2550"}],"curies":[{"name":"wp","href":"https:\/\/api.w.org\/{rel}","templated":true}]}}